{"id":4485,"date":"2019-10-15T12:24:00","date_gmt":"2019-10-15T12:24:00","guid":{"rendered":"https:\/\/chimini.be\/bierge\/"},"modified":"2022-12-05T13:37:51","modified_gmt":"2022-12-05T13:37:51","slug":"biedje","status":"publish","type":"page","link":"https:\/\/chimini.be\/fr\/biedje\/","title":{"rendered":"Biedje"},"content":{"rendered":"<section class=\"l-section wpb_row height_auto width_full\"><div class=\"l-section-h i-cf\"><div class=\"g-cols vc_row type_default valign_top\"><div class=\"vc_col-sm-12 wpb_column vc_column_container\"><div class=\"vc_column-inner\"><div class=\"wpb_wrapper\"><\/div><\/div><\/div><\/div><\/div><\/section><section class=\"l-section wpb_row height_large color_custom with_img\" style=\" color: #ffffff;\"><div class=\"l-section-img lazyload\" style=\"background-image:inherit;\" data-img-width=\"4121\" data-img-height=\"1800\" data-bg-image=\"url(https:\/\/chimini.be\/wp-content\/uploads\/2019\/10\/back_kachel.jpg)\"><\/div><div class=\"l-section-h i-cf\"><div class=\"g-cols vc_row type_default valign_top\"><div class=\"vc_col-sm-12 wpb_column vc_column_container animate_afb\"><div class=\"vc_column-inner\"><div class=\"wpb_wrapper\">\r\n\t<div class=\"wpb_text_column \">\r\n\t\t<div class=\"wpb_wrapper\">\r\n\t\t\t<h1>Schoorsteenveger in<\/h1>\n<h1>Bierge gezocht?<\/h1>\n\r\n\t\t<\/div>\r\n\t<\/div>\r\n<\/div><\/div><\/div><\/div><\/div><\/section><section class=\"l-section wpb_row height_large with_img parallax_fixed\"><div class=\"l-section-img lazyload\" style=\"background-image:inherit;background-position: bottom left;background-repeat: repeat-y;\" data-img-width=\"715\" data-img-height=\"505\" data-bg-image=\"url(https:\/\/chimini.be\/wp-content\/uploads\/2019\/10\/rook-1.png)\"><\/div><div class=\"l-section-h i-cf\"><div class=\"g-cols vc_row type_default valign_top\"><div class=\"vc_col-sm-12 wpb_column vc_column_container animate_afb\"><div class=\"vc_column-inner\"><div class=\"wpb_wrapper\"><div class=\"g-cols wpb_row  type_default valign_top vc_inner \"><div class=\"vc_col-sm-4 wpb_column vc_column_container\"><div class=\"vc_column-inner\"><div class=\"wpb_wrapper\"><div class=\"w-iconbox iconpos_top style_outlined color_primary align_center no_title\"><div class=\"w-iconbox-icon\" style=\"font-size:50px;\"><i class=\"fas fa-chimney\"><\/i><\/div><div class=\"w-iconbox-meta\"><div class=\"w-iconbox-text\"><h4><\/h4>\n<h4>Schoorsteenvegen<\/h4>\n<\/div><\/div><\/div>\r\n\t<div class=\"wpb_text_column \">\r\n\t\t<div class=\"wpb_wrapper\">\r\n\t\t\t<p style=\"text-align: center;\">Voor het vegen van uw schoorsteen zijn er verschillende mogelijkheden. We hanteren de nieuwste technieken en zorgen voor een goed en net eindresultaat. Daarbovenop laten we de omgeving van uw schouw proper achter.<\/p>\n\r\n\t\t<\/div>\r\n\t<\/div>\r\n<\/div><\/div><\/div><div class=\"vc_col-sm-4 wpb_column vc_column_container\"><div class=\"vc_column-inner\"><div class=\"wpb_wrapper\"><div class=\"w-iconbox iconpos_top style_outlined color_primary align_center no_title\"><div class=\"w-iconbox-icon\" style=\"font-size:50px;\"><i class=\"fas fa-camera\"><\/i><\/div><div class=\"w-iconbox-meta\"><div class=\"w-iconbox-text\"><h4><\/h4>\n<h4>Camera inspectie<\/h4>\n<\/div><\/div><\/div>\r\n\t<div class=\"wpb_text_column \">\r\n\t\t<div class=\"wpb_wrapper\">\r\n\t\t\t<p style=\"text-align: center;\">We kunnen foto&#8217;s en video&#8217;s nemen van uw schouw om zo de situatie het best in te schatten. Je kan alles op een scherm mee volgen. Indien er obstakels zijn bekijken we samen de oplossingen.<\/p>\n\r\n\t\t<\/div>\r\n\t<\/div>\r\n<\/div><\/div><\/div><div class=\"vc_col-sm-4 wpb_column vc_column_container\"><div class=\"vc_column-inner\"><div class=\"wpb_wrapper\"><div class=\"w-iconbox iconpos_top style_outlined color_primary align_center no_title\"><div class=\"w-iconbox-icon\" style=\"font-size:50px;\"><i class=\"fas fa-dove\"><\/i><\/div><div class=\"w-iconbox-meta\"><div class=\"w-iconbox-text\"><h4><\/h4>\n<h4>Vogelnesten of obstakels verwijderen<\/h4>\n<\/div><\/div><\/div>\r\n\t<div class=\"wpb_text_column \">\r\n\t\t<div class=\"wpb_wrapper\">\r\n\t\t\t<p style=\"text-align: center;\">Vooraleer we aan het verwijderen van een vogelnest of een ander obstakel beginnen, doen we eerst een camera inspectie. Zo kunnen we de situatie het best inschatten en kunnen we u het best helpen en doen we geen onnodige werken.<\/p>\n\r\n\t\t<\/div>\r\n\t<\/div>\r\n<\/div><\/div><\/div><\/div><div class=\"g-cols wpb_row  type_default valign_top vc_inner \"><div class=\"vc_col-sm-12 wpb_column vc_column_container\"><div class=\"vc_column-inner\"><div class=\"wpb_wrapper\"><div class=\"w-separator size_medium\"><\/div><\/div><\/div><\/div><\/div><div class=\"w-btn-wrapper width_auto align_center\"><a class=\"w-btn us-btn-style_3\" href=\"http:\/\/chimini.be\/contact\/\" title=\"Contactez\"><span class=\"w-btn-label\">Contactez-nous<\/span><\/a><\/div><\/div><\/div><\/div><\/div><\/div><\/section><section class=\"l-section wpb_row height_large color_alternate\"><div class=\"l-section-h i-cf\"><div class=\"g-cols vc_row type_default valign_top\"><div class=\"vc_col-sm-12 wpb_column vc_column_container animate_afb\"><div class=\"vc_column-inner\"><div class=\"wpb_wrapper\">\r\n\t<div class=\"wpb_text_column \">\r\n\t\t<div class=\"wpb_wrapper\">\r\n\t\t\t<h2 style=\"text-align : centre ;\">Qu&#8217;est-ce qui fait notre force ? <\/h2>\n\r\n\t\t<\/div>\r\n\t<\/div>\r\n<div class=\"w-separator size_medium\"><\/div><div class=\"g-cols wpb_row  type_default valign_top vc_inner \"><div class=\"vc_col-sm-4 wpb_column vc_column_container animate_afb\"><div class=\"vc_column-inner\"><div class=\"wpb_wrapper\"><div class=\"w-iconbox iconpos_top style_default color_primary align_center no_text\"><div class=\"w-iconbox-icon\" style=\"font-size:60px;\"><i class=\"fas fa-route\"><\/i><\/div><div class=\"w-iconbox-meta\"><h4 class=\"w-iconbox-title\">Pas de frais de r\u00e9installation<\/h4><\/div><\/div><\/div><\/div><\/div><div class=\"vc_col-sm-4 wpb_column vc_column_container animate_afb\"><div class=\"vc_column-inner\"><div class=\"wpb_wrapper\"><div class=\"w-iconbox iconpos_top style_default color_primary align_center no_text\"><div class=\"w-iconbox-icon\" style=\"font-size:60px;\"><i class=\"fas fa-euro-sign\"><\/i><\/div><div class=\"w-iconbox-meta\"><h4 class=\"w-iconbox-title\">Prix corrects<\/h4><\/div><\/div><\/div><\/div><\/div><div class=\"vc_col-sm-4 wpb_column vc_column_container animate_afb\"><div class=\"vc_column-inner\"><div class=\"wpb_wrapper\"><div class=\"w-iconbox iconpos_top style_default color_primary align_center no_text\"><div class=\"w-iconbox-icon\" style=\"font-size:60px;\"><i class=\"fas fa-file\"><\/i><\/div><div class=\"w-iconbox-meta\"><h4 class=\"w-iconbox-title\">toujours avec certificat<\/h4><\/div><\/div><\/div><\/div><\/div><\/div><div class=\"w-separator size_medium\"><\/div><div class=\"w-btn-wrapper width_auto align_center\"><a class=\"w-btn us-btn-style_3\" href=\"http:\/\/chimini.be\/contact\/\" title=\"Contactez\"><span class=\"w-btn-label\">D\u00e9j\u00e0 convaincu ?<\/span><\/a><\/div><\/div><\/div><\/div><\/div><\/div><\/section><section class=\"l-section wpb_row height_large with_img parallax_fixed\"><div class=\"l-section-img lazyload\" style=\"background-image:inherit;background-position: bottom left;background-repeat: repeat-y;\" data-img-width=\"715\" data-img-height=\"505\" data-bg-image=\"url(https:\/\/chimini.be\/wp-content\/uploads\/2019\/10\/rook-1.png)\"><\/div><div class=\"l-section-h i-cf\"><div class=\"g-cols vc_row type_default valign_top\"><div class=\"vc_col-sm-12 wpb_column vc_column_container animate_afb\"><div class=\"vc_column-inner\"><div class=\"wpb_wrapper\">\r\n\t<div class=\"wpb_text_column \">\r\n\t\t<div class=\"wpb_wrapper\">\r\n\t\t\t<h2 style=\"text-align: center;\">Wat onze klanten zeggen<\/h2>\n\r\n\t\t<\/div>\r\n\t<\/div>\r\n<div class=\"w-separator size_medium\"><\/div><div class=\"g-cols wpb_row  type_default valign_top vc_inner \"><div class=\"vc_col-sm-4 wpb_column vc_column_container\"><div class=\"vc_column-inner\"><div class=\"wpb_wrapper\">\r\n\t<div class=\"wpb_text_column \">\r\n\t\t<div class=\"wpb_wrapper\">\r\n\t\t\t<p><img decoding=\"async\" class=\"wp-image-3776 aligncenter lazyload\" data-src=\"https:\/\/chimini.be\/wp-content\/uploads\/2019\/10\/sterren-300x60.png\" alt=\"\" width=\"185\" height=\"37\" src=\"data:image\/svg+xml;base64,PHN2ZyB3aWR0aD0iMSIgaGVpZ2h0PSIxIiB4bWxucz0iaHR0cDovL3d3dy53My5vcmcvMjAwMC9zdmciPjwvc3ZnPg==\" style=\"--smush-placeholder-width: 185px; --smush-placeholder-aspect-ratio: 185\/37;\" \/><\/p>\n<p style=\"text-align: center;\"><em>&#8220;Frederic was op tijd. Werk is super goed gedaan. Bedankt en tot volgend jaar !&#8221;<\/em><\/p>\n<p style=\"text-align: center;\">Sam en Sophie<\/p>\n\r\n\t\t<\/div>\r\n\t<\/div>\r\n<\/div><\/div><\/div><div class=\"vc_col-sm-4 wpb_column vc_column_container\"><div class=\"vc_column-inner\"><div class=\"wpb_wrapper\">\r\n\t<div class=\"wpb_text_column \">\r\n\t\t<div class=\"wpb_wrapper\">\r\n\t\t\t<p><img decoding=\"async\" class=\"aligncenter wp-image-3776 lazyload\" data-src=\"https:\/\/chimini.be\/wp-content\/uploads\/2019\/10\/sterren-300x60.png\" alt=\"\" width=\"185\" height=\"37\" src=\"data:image\/svg+xml;base64,PHN2ZyB3aWR0aD0iMSIgaGVpZ2h0PSIxIiB4bWxucz0iaHR0cDovL3d3dy53My5vcmcvMjAwMC9zdmciPjwvc3ZnPg==\" style=\"--smush-placeholder-width: 185px; --smush-placeholder-aspect-ratio: 185\/37;\" \/><\/p>\n<p style=\"text-align: center;\"><em>&#8220;Professioneel, proper en aangename kerel! Wij hebben onze vaste schoorsteenveger gevonden.&#8221;<\/em><\/p>\n<p style=\"text-align: center;\">Pieter-Jan en Kato<\/p>\n\r\n\t\t<\/div>\r\n\t<\/div>\r\n<\/div><\/div><\/div><div class=\"vc_col-sm-4 wpb_column vc_column_container\"><div class=\"vc_column-inner\"><div class=\"wpb_wrapper\">\r\n\t<div class=\"wpb_text_column \">\r\n\t\t<div class=\"wpb_wrapper\">\r\n\t\t\t<p><img decoding=\"async\" class=\"wp-image-3776 aligncenter lazyload\" data-src=\"https:\/\/chimini.be\/wp-content\/uploads\/2019\/10\/sterren-300x60.png\" alt=\"\" width=\"185\" height=\"37\" src=\"data:image\/svg+xml;base64,PHN2ZyB3aWR0aD0iMSIgaGVpZ2h0PSIxIiB4bWxucz0iaHR0cDovL3d3dy53My5vcmcvMjAwMC9zdmciPjwvc3ZnPg==\" style=\"--smush-placeholder-width: 185px; --smush-placeholder-aspect-ratio: 185\/37;\" \/><\/p>\n<p style=\"text-align: center;\"><em>&#8220;Frederic zat vast in de file maar bracht ons op de hoogte. Voor de rest correcte en aangename samenwerking.&#8221;<\/em><\/p>\n<p style=\"text-align: center;\">Dirk en Greta<\/p>\n\r\n\t\t<\/div>\r\n\t<\/div>\r\n<\/div><\/div><\/div><\/div><div class=\"w-separator size_large\"><\/div><div class=\"w-btn-wrapper width_auto align_center vc_custom_1571041755452\"><a class=\"w-btn us-btn-style_3\" href=\"http:\/\/chimini.be\/review\/\" title=\"Review\"><span class=\"w-btn-label\">\u00c9crire un commentaire<\/span><\/a><\/div><\/div><\/div><\/div><\/div><\/div><\/section><section class=\"l-section wpb_row height_medium\"><div class=\"l-section-h i-cf\"><div class=\"g-cols vc_row type_default valign_top\"><div class=\"vc_col-sm-4 wpb_column vc_column_container animate_afb\"><div class=\"vc_column-inner\"><div class=\"wpb_wrapper\"><div class=\"w-image align_none\"><div class=\"w-image-h\"><img decoding=\"async\" width=\"1024\" height=\"1024\" data-src=\"https:\/\/chimini.be\/wp-content\/uploads\/2019\/10\/foto_frederic-01-1024x1024.jpg\" class=\"attachment-large size-large lazyload\" alt=\"\" data-srcset=\"https:\/\/chimini.be\/wp-content\/uploads\/2019\/10\/foto_frederic-01-1024x1024.jpg 1024w, https:\/\/chimini.be\/wp-content\/uploads\/2019\/10\/foto_frederic-01-300x300.jpg 300w, https:\/\/chimini.be\/wp-content\/uploads\/2019\/10\/foto_frederic-01-150x150.jpg 150w, https:\/\/chimini.be\/wp-content\/uploads\/2019\/10\/foto_frederic-01-1536x1536.jpg 1536w, https:\/\/chimini.be\/wp-content\/uploads\/2019\/10\/foto_frederic-01-2048x2048.jpg 2048w, https:\/\/chimini.be\/wp-content\/uploads\/2019\/10\/foto_frederic-01-600x600.jpg 600w\" data-sizes=\"(max-width: 1024px) 100vw, 1024px\" src=\"data:image\/svg+xml;base64,PHN2ZyB3aWR0aD0iMSIgaGVpZ2h0PSIxIiB4bWxucz0iaHR0cDovL3d3dy53My5vcmcvMjAwMC9zdmciPjwvc3ZnPg==\" style=\"--smush-placeholder-width: 1024px; --smush-placeholder-aspect-ratio: 1024\/1024;\" \/><\/div><\/div><\/div><\/div><\/div><div class=\"vc_col-sm-4 wpb_column vc_column_container\"><div class=\"vc_column-inner\"><div class=\"wpb_wrapper\">\r\n\t<div class=\"wpb_text_column \">\r\n\t\t<div class=\"wpb_wrapper\">\r\n\t\t\t<h3><\/h3>\n<h3>Frederic Congiu<\/h3>\n<h6>Un ramoneur reconnu<\/h6>\n<h6>0485\/49 46 87<br \/>\ninfo@chimini.be<br \/>\nwww.chimini.be<\/h6>\n\r\n\t\t<\/div>\r\n\t<\/div>\r\n<div class=\"w-separator size_large vc_custom_1570693290705\"><\/div><\/div><\/div><\/div><div class=\"vc_col-sm-4 wpb_column vc_column_container\"><div class=\"vc_column-inner\"><div class=\"wpb_wrapper\"><div class=\"w-btn-wrapper width_auto align_center vc_custom_1571042489137\"><a class=\"w-btn us-btn-style_3\" href=\"http:\/\/chimini.be\/contact\/\" title=\"Contactez\"><span class=\"w-btn-label\">Contactez<\/span><\/a><\/div><\/div><\/div><\/div><\/div><\/div><\/section>\n","protected":false},"excerpt":{"rendered":"Schoorsteenveger in Bierge gezocht? Schoorsteenvegen Voor het vegen van uw schoorsteen zijn er verschillende mogelijkheden. We hanteren de nieuwste technieken en zorgen voor een goed en net eindresultaat. Daarbovenop laten we de omgeving van uw schouw proper achter. Camera inspectie We kunnen foto&#8217;s en video&#8217;s nemen van uw schouw om zo de situatie het best...","protected":false},"author":1,"featured_media":0,"parent":0,"menu_order":0,"comment_status":"closed","ping_status":"closed","template":"","meta":{"_acf_changed":false,"footnotes":""},"class_list":["post-4485","page","type-page","status-publish","hentry"],"acf":[],"yoast_head":"<!-- This site is optimized with the Yoast SEO plugin v27.5 - https:\/\/yoast.com\/product\/yoast-seo-wordpress\/ -->\n<title>Ramoneur dans Biedje - Chimini, ramoneur agr\u00e9\u00e9<\/title>\n<meta name=\"description\" content=\"Vous cherchez un ramoneur ou une inspection par cam\u00e9ra \u00e0 Biedje ? Vous avez besoin de faire enlever un nid d&#039;oiseau ? N&#039;h\u00e9sitez pas \u00e0 nous contacter.\" \/>\n<meta name=\"robots\" content=\"index, follow, max-snippet:-1, max-image-preview:large, max-video-preview:-1\" \/>\n<link rel=\"canonical\" href=\"https:\/\/chimini.be\/fr\/biedje\/\" \/>\n<meta property=\"og:locale\" content=\"fr_FR\" \/>\n<meta property=\"og:type\" content=\"article\" \/>\n<meta property=\"og:title\" content=\"Ramoneur dans Biedje - Chimini, ramoneur agr\u00e9\u00e9\" \/>\n<meta property=\"og:description\" content=\"Vous cherchez un ramoneur ou une inspection par cam\u00e9ra \u00e0 Biedje ? Vous avez besoin de faire enlever un nid d&#039;oiseau ? N&#039;h\u00e9sitez pas \u00e0 nous contacter.\" \/>\n<meta property=\"og:url\" content=\"https:\/\/chimini.be\/fr\/biedje\/\" \/>\n<meta property=\"og:site_name\" content=\"Chimini\" \/>\n<meta property=\"article:modified_time\" content=\"2022-12-05T13:37:51+00:00\" \/>\n<meta property=\"og:image\" content=\"https:\/\/chimini.be\/wp-content\/uploads\/2019\/10\/sterren-300x60.png\" \/>\n<meta name=\"twitter:card\" content=\"summary_large_image\" \/>\n<meta name=\"twitter:label1\" content=\"Dur\u00e9e de lecture estim\u00e9e\" \/>\n\t<meta name=\"twitter:data1\" content=\"2 minutes\" \/>\n<script type=\"application\/ld+json\" class=\"yoast-schema-graph\">{\"@context\":\"https:\\\/\\\/schema.org\",\"@graph\":[{\"@type\":\"WebPage\",\"@id\":\"https:\\\/\\\/chimini.be\\\/fr\\\/biedje\\\/\",\"url\":\"https:\\\/\\\/chimini.be\\\/fr\\\/biedje\\\/\",\"name\":\"Ramoneur dans Biedje - Chimini, ramoneur agr\u00e9\u00e9\",\"isPartOf\":{\"@id\":\"https:\\\/\\\/chimini.be\\\/fr\\\/#website\"},\"primaryImageOfPage\":{\"@id\":\"https:\\\/\\\/chimini.be\\\/fr\\\/biedje\\\/#primaryimage\"},\"image\":{\"@id\":\"https:\\\/\\\/chimini.be\\\/fr\\\/biedje\\\/#primaryimage\"},\"thumbnailUrl\":\"https:\\\/\\\/chimini.be\\\/wp-content\\\/uploads\\\/2019\\\/10\\\/sterren-300x60.png\",\"datePublished\":\"2019-10-15T12:24:00+00:00\",\"dateModified\":\"2022-12-05T13:37:51+00:00\",\"description\":\"Vous cherchez un ramoneur ou une inspection par cam\u00e9ra \u00e0 Biedje ? Vous avez besoin de faire enlever un nid d'oiseau ? N'h\u00e9sitez pas \u00e0 nous contacter.\",\"breadcrumb\":{\"@id\":\"https:\\\/\\\/chimini.be\\\/fr\\\/biedje\\\/#breadcrumb\"},\"inLanguage\":\"fr-FR\",\"potentialAction\":[{\"@type\":\"ReadAction\",\"target\":[\"https:\\\/\\\/chimini.be\\\/fr\\\/biedje\\\/\"]}]},{\"@type\":\"ImageObject\",\"inLanguage\":\"fr-FR\",\"@id\":\"https:\\\/\\\/chimini.be\\\/fr\\\/biedje\\\/#primaryimage\",\"url\":\"https:\\\/\\\/chimini.be\\\/wp-content\\\/uploads\\\/2019\\\/10\\\/sterren-300x60.png\",\"contentUrl\":\"https:\\\/\\\/chimini.be\\\/wp-content\\\/uploads\\\/2019\\\/10\\\/sterren-300x60.png\"},{\"@type\":\"BreadcrumbList\",\"@id\":\"https:\\\/\\\/chimini.be\\\/fr\\\/biedje\\\/#breadcrumb\",\"itemListElement\":[{\"@type\":\"ListItem\",\"position\":1,\"name\":\"Home\",\"item\":\"https:\\\/\\\/chimini.be\\\/fr\\\/?lang=fr\"},{\"@type\":\"ListItem\",\"position\":2,\"name\":\"Biedje\"}]},{\"@type\":\"WebSite\",\"@id\":\"https:\\\/\\\/chimini.be\\\/fr\\\/#website\",\"url\":\"https:\\\/\\\/chimini.be\\\/fr\\\/\",\"name\":\"Chimini\",\"description\":\"Schoorsteen vegen in regio Aalst\",\"potentialAction\":[{\"@type\":\"SearchAction\",\"target\":{\"@type\":\"EntryPoint\",\"urlTemplate\":\"https:\\\/\\\/chimini.be\\\/fr\\\/?s={search_term_string}\"},\"query-input\":{\"@type\":\"PropertyValueSpecification\",\"valueRequired\":true,\"valueName\":\"search_term_string\"}}],\"inLanguage\":\"fr-FR\"}]}<\/script>\n<!-- \/ Yoast SEO plugin. -->","yoast_head_json":{"title":"Ramoneur dans Biedje - Chimini, ramoneur agr\u00e9\u00e9","description":"Vous cherchez un ramoneur ou une inspection par cam\u00e9ra \u00e0 Biedje ? Vous avez besoin de faire enlever un nid d'oiseau ? N'h\u00e9sitez pas \u00e0 nous contacter.","robots":{"index":"index","follow":"follow","max-snippet":"max-snippet:-1","max-image-preview":"max-image-preview:large","max-video-preview":"max-video-preview:-1"},"canonical":"https:\/\/chimini.be\/fr\/biedje\/","og_locale":"fr_FR","og_type":"article","og_title":"Ramoneur dans Biedje - Chimini, ramoneur agr\u00e9\u00e9","og_description":"Vous cherchez un ramoneur ou une inspection par cam\u00e9ra \u00e0 Biedje ? Vous avez besoin de faire enlever un nid d'oiseau ? N'h\u00e9sitez pas \u00e0 nous contacter.","og_url":"https:\/\/chimini.be\/fr\/biedje\/","og_site_name":"Chimini","article_modified_time":"2022-12-05T13:37:51+00:00","og_image":[{"url":"https:\/\/chimini.be\/wp-content\/uploads\/2019\/10\/sterren-300x60.png","type":"","width":"","height":""}],"twitter_card":"summary_large_image","twitter_misc":{"Dur\u00e9e de lecture estim\u00e9e":"2 minutes"},"schema":{"@context":"https:\/\/schema.org","@graph":[{"@type":"WebPage","@id":"https:\/\/chimini.be\/fr\/biedje\/","url":"https:\/\/chimini.be\/fr\/biedje\/","name":"Ramoneur dans Biedje - Chimini, ramoneur agr\u00e9\u00e9","isPartOf":{"@id":"https:\/\/chimini.be\/fr\/#website"},"primaryImageOfPage":{"@id":"https:\/\/chimini.be\/fr\/biedje\/#primaryimage"},"image":{"@id":"https:\/\/chimini.be\/fr\/biedje\/#primaryimage"},"thumbnailUrl":"https:\/\/chimini.be\/wp-content\/uploads\/2019\/10\/sterren-300x60.png","datePublished":"2019-10-15T12:24:00+00:00","dateModified":"2022-12-05T13:37:51+00:00","description":"Vous cherchez un ramoneur ou une inspection par cam\u00e9ra \u00e0 Biedje ? Vous avez besoin de faire enlever un nid d'oiseau ? N'h\u00e9sitez pas \u00e0 nous contacter.","breadcrumb":{"@id":"https:\/\/chimini.be\/fr\/biedje\/#breadcrumb"},"inLanguage":"fr-FR","potentialAction":[{"@type":"ReadAction","target":["https:\/\/chimini.be\/fr\/biedje\/"]}]},{"@type":"ImageObject","inLanguage":"fr-FR","@id":"https:\/\/chimini.be\/fr\/biedje\/#primaryimage","url":"https:\/\/chimini.be\/wp-content\/uploads\/2019\/10\/sterren-300x60.png","contentUrl":"https:\/\/chimini.be\/wp-content\/uploads\/2019\/10\/sterren-300x60.png"},{"@type":"BreadcrumbList","@id":"https:\/\/chimini.be\/fr\/biedje\/#breadcrumb","itemListElement":[{"@type":"ListItem","position":1,"name":"Home","item":"https:\/\/chimini.be\/fr\/?lang=fr"},{"@type":"ListItem","position":2,"name":"Biedje"}]},{"@type":"WebSite","@id":"https:\/\/chimini.be\/fr\/#website","url":"https:\/\/chimini.be\/fr\/","name":"Chimini","description":"Schoorsteen vegen in regio Aalst","potentialAction":[{"@type":"SearchAction","target":{"@type":"EntryPoint","urlTemplate":"https:\/\/chimini.be\/fr\/?s={search_term_string}"},"query-input":{"@type":"PropertyValueSpecification","valueRequired":true,"valueName":"search_term_string"}}],"inLanguage":"fr-FR"}]}},"jetpack_sharing_enabled":true,"_links":{"self":[{"href":"https:\/\/chimini.be\/fr\/wp-json\/wp\/v2\/pages\/4485","targetHints":{"allow":["GET"]}}],"collection":[{"href":"https:\/\/chimini.be\/fr\/wp-json\/wp\/v2\/pages"}],"about":[{"href":"https:\/\/chimini.be\/fr\/wp-json\/wp\/v2\/types\/page"}],"author":[{"embeddable":true,"href":"https:\/\/chimini.be\/fr\/wp-json\/wp\/v2\/users\/1"}],"replies":[{"embeddable":true,"href":"https:\/\/chimini.be\/fr\/wp-json\/wp\/v2\/comments?post=4485"}],"version-history":[{"count":5,"href":"https:\/\/chimini.be\/fr\/wp-json\/wp\/v2\/pages\/4485\/revisions"}],"predecessor-version":[{"id":4722,"href":"https:\/\/chimini.be\/fr\/wp-json\/wp\/v2\/pages\/4485\/revisions\/4722"}],"wp:attachment":[{"href":"https:\/\/chimini.be\/fr\/wp-json\/wp\/v2\/media?parent=4485"}],"curies":[{"name":"wp","href":"https:\/\/api.w.org\/{rel}","templated":true}]}}