{"id":4364,"date":"2019-10-15T11:25:12","date_gmt":"2019-10-15T11:25:12","guid":{"rendered":"https:\/\/chimini.be\/edingen\/"},"modified":"2021-03-11T10:01:01","modified_gmt":"2021-03-11T10:01:01","slug":"enghien","status":"publish","type":"page","link":"https:\/\/chimini.be\/fr\/enghien\/","title":{"rendered":"Enghien"},"content":{"rendered":"<section class=\"l-section wpb_row height_auto width_full\"><div class=\"l-section-h i-cf\"><div class=\"g-cols vc_row type_default valign_top\"><div class=\"vc_col-sm-12 wpb_column vc_column_container\"><div class=\"vc_column-inner\"><div class=\"wpb_wrapper\"><\/div><\/div><\/div><\/div><\/div><\/section><section class=\"l-section wpb_row height_large color_custom with_img\" style=\" color: #ffffff;\"><div class=\"l-section-img lazyload\" style=\"background-image:inherit;\" data-img-width=\"4121\" data-img-height=\"1800\" data-bg-image=\"url(https:\/\/chimini.be\/wp-content\/uploads\/2019\/10\/back_kachel.jpg)\"><\/div><div class=\"l-section-h i-cf\"><div class=\"g-cols vc_row type_default valign_top\"><div class=\"vc_col-sm-12 wpb_column vc_column_container animate_afb\"><div class=\"vc_column-inner\"><div class=\"wpb_wrapper\">\r\n\t<div class=\"wpb_text_column \">\r\n\t\t<div class=\"wpb_wrapper\">\r\n\t\t\t<h1>Vous recherchez un<\/h1>\n<h1>ramoneur \u00e0 Enghien ?<\/h1>\n\r\n\t\t<\/div>\r\n\t<\/div>\r\n<\/div><\/div><\/div><\/div><\/div><\/section><section class=\"l-section wpb_row height_large with_img parallax_fixed\"><div class=\"l-section-img lazyload\" style=\"background-image:inherit;background-position: top left;background-repeat: repeat-y;\" data-img-width=\"715\" data-img-height=\"505\" data-bg-image=\"url(https:\/\/chimini.be\/wp-content\/uploads\/2019\/10\/rook-1.png)\"><\/div><div class=\"l-section-h i-cf\"><div class=\"g-cols vc_row type_default valign_top\"><div class=\"vc_col-sm-12 wpb_column vc_column_container animate_afb\"><div class=\"vc_column-inner\"><div class=\"wpb_wrapper\"><div class=\"w-separator size_medium\"><\/div><div class=\"g-cols wpb_row  type_default valign_top vc_inner \"><div class=\"vc_col-sm-4 wpb_column vc_column_container animate_afb\"><div class=\"vc_column-inner\"><div class=\"wpb_wrapper\"><div class=\"w-iconbox iconpos_top style_outlined color_primary align_center no_title\"><div class=\"w-iconbox-icon\" style=\"font-size:50px;\"><i class=\"fas fa-chimney\"><\/i><\/div><div class=\"w-iconbox-meta\"><div class=\"w-iconbox-text\"><h4><\/h4>\n<h4>Ramoneur<\/h4>\n<\/div><\/div><\/div><\/div><\/div><\/div><div class=\"vc_col-sm-4 wpb_column vc_column_container animate_afb\"><div class=\"vc_column-inner\"><div class=\"wpb_wrapper\"><div class=\"w-iconbox iconpos_top style_outlined color_primary align_center no_title\"><div class=\"w-iconbox-icon\" style=\"font-size:50px;\"><i class=\"fas fa-camera\"><\/i><\/div><div class=\"w-iconbox-meta\"><div class=\"w-iconbox-text\"><h4><\/h4>\n<h4>Inspection par cam\u00e9ra<\/h4>\n<\/div><\/div><\/div><\/div><\/div><\/div><div class=\"vc_col-sm-4 wpb_column vc_column_container animate_afb\"><div class=\"vc_column-inner\"><div class=\"wpb_wrapper\"><div class=\"w-iconbox iconpos_top style_outlined color_primary align_center no_title\"><div class=\"w-iconbox-icon\" style=\"font-size:50px;\"><i class=\"fas fa-dove\"><\/i><\/div><div class=\"w-iconbox-meta\"><div class=\"w-iconbox-text\"><h4><\/h4>\n<h4>Enlever les nids d&#8217;oiseaux<\/h4>\n<\/div><\/div><\/div><\/div><\/div><\/div><\/div><div class=\"w-separator size_medium\"><\/div><div class=\"w-btn-wrapper width_auto align_center\"><a class=\"w-btn us-btn-style_3\" href=\"https:\/\/chimini.be\/contact\/?lang=fr\" title=\"Contact\"><span class=\"w-btn-label\">Nous contacter<\/span><\/a><\/div><\/div><\/div><\/div><\/div><\/div><\/section><section class=\"l-section wpb_row height_large color_alternate\"><div class=\"l-section-h i-cf\"><div class=\"g-cols vc_row type_default valign_top\"><div class=\"vc_col-sm-12 wpb_column vc_column_container animate_afb\"><div class=\"vc_column-inner\"><div class=\"wpb_wrapper\">\r\n\t<div class=\"wpb_text_column \">\r\n\t\t<div class=\"wpb_wrapper\">\r\n\t\t\t<h2 style=\"text-align: center;\">Quelle est notre force?<\/h2>\n\r\n\t\t<\/div>\r\n\t<\/div>\r\n<div class=\"w-separator size_medium\"><\/div><div class=\"g-cols wpb_row  type_default valign_top vc_inner \"><div class=\"vc_col-sm-4 wpb_column vc_column_container animate_afb\"><div class=\"vc_column-inner\"><div class=\"wpb_wrapper\"><div class=\"w-iconbox iconpos_top style_default color_primary align_center no_text\"><div class=\"w-iconbox-icon\" style=\"font-size:60px;\"><i class=\"fas fa-route\"><\/i><\/div><div class=\"w-iconbox-meta\"><h4 class=\"w-iconbox-title\">Pas de frais de voyage<\/h4><\/div><\/div><\/div><\/div><\/div><div class=\"vc_col-sm-4 wpb_column vc_column_container animate_afb\"><div class=\"vc_column-inner\"><div class=\"wpb_wrapper\"><div class=\"w-iconbox iconpos_top style_default color_primary align_center no_text\"><div class=\"w-iconbox-icon\" style=\"font-size:60px;\"><i class=\"fas fa-euro-sign\"><\/i><\/div><div class=\"w-iconbox-meta\"><h4 class=\"w-iconbox-title\">Prix corrects<\/h4><\/div><\/div><\/div><\/div><\/div><div class=\"vc_col-sm-4 wpb_column vc_column_container animate_afb\"><div class=\"vc_column-inner\"><div class=\"wpb_wrapper\"><div class=\"w-iconbox iconpos_top style_default color_primary align_center no_text\"><div class=\"w-iconbox-icon\" style=\"font-size:60px;\"><i class=\"fas fa-file\"><\/i><\/div><div class=\"w-iconbox-meta\"><h4 class=\"w-iconbox-title\">Toujours avec un certificat<\/h4><\/div><\/div><\/div><\/div><\/div><\/div><div class=\"w-separator size_medium\"><\/div><div class=\"w-btn-wrapper width_auto align_center\"><a class=\"w-btn us-btn-style_3\" href=\"https:\/\/chimini.be\/contact\/?lang=fr\" title=\"Contact\"><span class=\"w-btn-label\">D\u00e9j\u00e0 convaincu ?<\/span><\/a><\/div><\/div><\/div><\/div><\/div><\/div><\/section><section class=\"l-section wpb_row height_large with_img parallax_fixed\"><div class=\"l-section-img lazyload\" style=\"background-image:inherit;background-position: bottom left;background-repeat: repeat-y;\" data-img-width=\"715\" data-img-height=\"505\" data-bg-image=\"url(https:\/\/chimini.be\/wp-content\/uploads\/2019\/10\/rook-1.png)\"><\/div><div class=\"l-section-h i-cf\"><div class=\"g-cols vc_row type_default valign_top\"><div class=\"vc_col-sm-12 wpb_column vc_column_container animate_afb\"><div class=\"vc_column-inner\"><div class=\"wpb_wrapper\">\r\n\t<div class=\"wpb_text_column \">\r\n\t\t<div class=\"wpb_wrapper\">\r\n\t\t\t<h2 style=\"text-align: center;\">Ce que disent nos clients<\/h2>\n\r\n\t\t<\/div>\r\n\t<\/div>\r\n<div class=\"w-separator size_medium\"><\/div><div class=\"g-cols wpb_row  type_default valign_top vc_inner \"><div class=\"vc_col-sm-4 wpb_column vc_column_container\"><div class=\"vc_column-inner\"><div class=\"wpb_wrapper\">\r\n\t<div class=\"wpb_text_column \">\r\n\t\t<div class=\"wpb_wrapper\">\r\n\t\t\t<p><img decoding=\"async\" class=\"wp-image-3776 aligncenter lazyload\" data-src=\"https:\/\/chimini.be\/wp-content\/uploads\/2019\/10\/sterren-300x60.png\" alt=\"\" width=\"185\" height=\"37\" src=\"data:image\/svg+xml;base64,PHN2ZyB3aWR0aD0iMSIgaGVpZ2h0PSIxIiB4bWxucz0iaHR0cDovL3d3dy53My5vcmcvMjAwMC9zdmciPjwvc3ZnPg==\" style=\"--smush-placeholder-width: 185px; --smush-placeholder-aspect-ratio: 185\/37;\" \/><\/p>\n<p style=\"text-align: center;\"><em>&#8220;Frederic \u00e9tait \u00e0 l&#8217;heure. Le travail a \u00e9t\u00e9 tr\u00e8s bien fait. Merci et \u00e0 l&#8217;ann\u00e9e prochaine !&#8221;<\/em><\/p>\n<p style=\"text-align: center;\">Sam et Sophie<\/p>\n\r\n\t\t<\/div>\r\n\t<\/div>\r\n<\/div><\/div><\/div><div class=\"vc_col-sm-4 wpb_column vc_column_container\"><div class=\"vc_column-inner\"><div class=\"wpb_wrapper\">\r\n\t<div class=\"wpb_text_column \">\r\n\t\t<div class=\"wpb_wrapper\">\r\n\t\t\t<p><img decoding=\"async\" class=\"wp-image-3776 aligncenter lazyload\" data-src=\"https:\/\/chimini.be\/wp-content\/uploads\/2019\/10\/sterren-300x60.png\" alt=\"\" width=\"185\" height=\"37\" src=\"data:image\/svg+xml;base64,PHN2ZyB3aWR0aD0iMSIgaGVpZ2h0PSIxIiB4bWxucz0iaHR0cDovL3d3dy53My5vcmcvMjAwMC9zdmciPjwvc3ZnPg==\" style=\"--smush-placeholder-width: 185px; --smush-placeholder-aspect-ratio: 185\/37;\" \/><\/p>\n<p style=\"text-align: center;\"><em>&#8220;Professionnel, propre et agr\u00e9able! Nous avons trouv\u00e9 notre ramoneur habituel.&#8221;<\/em><\/p>\n<p style=\"text-align: center;\">Pieter-Jan et Kato<\/p>\n\r\n\t\t<\/div>\r\n\t<\/div>\r\n<\/div><\/div><\/div><div class=\"vc_col-sm-4 wpb_column vc_column_container\"><div class=\"vc_column-inner\"><div class=\"wpb_wrapper\">\r\n\t<div class=\"wpb_text_column \">\r\n\t\t<div class=\"wpb_wrapper\">\r\n\t\t\t<p><img decoding=\"async\" class=\"wp-image-3776 aligncenter lazyload\" data-src=\"https:\/\/chimini.be\/wp-content\/uploads\/2019\/10\/sterren-300x60.png\" alt=\"\" width=\"185\" height=\"37\" src=\"data:image\/svg+xml;base64,PHN2ZyB3aWR0aD0iMSIgaGVpZ2h0PSIxIiB4bWxucz0iaHR0cDovL3d3dy53My5vcmcvMjAwMC9zdmciPjwvc3ZnPg==\" style=\"--smush-placeholder-width: 185px; --smush-placeholder-aspect-ratio: 185\/37;\" \/><\/p>\n<p style=\"text-align: center;\"><em>&#8220;Frederic \u00e9tait coinc\u00e9 dans les embouteillages mais nous a inform\u00e9s. Pour le reste, une collaboration correcte et agr\u00e9able.&#8221;<\/em><\/p>\n<p style=\"text-align: center;\">Dirk et Greta<\/p>\n\r\n\t\t<\/div>\r\n\t<\/div>\r\n<\/div><\/div><\/div><\/div><div class=\"w-separator size_large\"><\/div><div class=\"w-btn-wrapper width_auto align_center vc_custom_1615454835953\"><a class=\"w-btn us-btn-style_3\" href=\"https:\/\/chimini.be\/revue\/?lang=fr\" title=\"Revue\"><span class=\"w-btn-label\">\u00c9crire un commentaire<\/span><\/a><\/div><\/div><\/div><\/div><\/div><\/div><\/section><section class=\"l-section wpb_row height_medium\"><div class=\"l-section-h i-cf\"><div class=\"g-cols vc_row type_default valign_top\"><div class=\"vc_col-sm-4 wpb_column vc_column_container animate_afb\"><div class=\"vc_column-inner\"><div class=\"wpb_wrapper\"><div class=\"w-image align_none\"><div class=\"w-image-h\"><img decoding=\"async\" width=\"1024\" height=\"1024\" data-src=\"https:\/\/chimini.be\/wp-content\/uploads\/2019\/10\/foto_frederic-01-1024x1024.jpg\" class=\"attachment-large size-large lazyload\" alt=\"\" data-srcset=\"https:\/\/chimini.be\/wp-content\/uploads\/2019\/10\/foto_frederic-01-1024x1024.jpg 1024w, https:\/\/chimini.be\/wp-content\/uploads\/2019\/10\/foto_frederic-01-300x300.jpg 300w, https:\/\/chimini.be\/wp-content\/uploads\/2019\/10\/foto_frederic-01-150x150.jpg 150w, https:\/\/chimini.be\/wp-content\/uploads\/2019\/10\/foto_frederic-01-1536x1536.jpg 1536w, https:\/\/chimini.be\/wp-content\/uploads\/2019\/10\/foto_frederic-01-2048x2048.jpg 2048w, https:\/\/chimini.be\/wp-content\/uploads\/2019\/10\/foto_frederic-01-600x600.jpg 600w\" data-sizes=\"(max-width: 1024px) 100vw, 1024px\" src=\"data:image\/svg+xml;base64,PHN2ZyB3aWR0aD0iMSIgaGVpZ2h0PSIxIiB4bWxucz0iaHR0cDovL3d3dy53My5vcmcvMjAwMC9zdmciPjwvc3ZnPg==\" style=\"--smush-placeholder-width: 1024px; --smush-placeholder-aspect-ratio: 1024\/1024;\" \/><\/div><\/div><\/div><\/div><\/div><div class=\"vc_col-sm-4 wpb_column vc_column_container\"><div class=\"vc_column-inner\"><div class=\"wpb_wrapper\">\r\n\t<div class=\"wpb_text_column \">\r\n\t\t<div class=\"wpb_wrapper\">\r\n\t\t\t<h3 style=\"text-align: left;\"><\/h3>\n<h3 style=\"text-align: left;\">Frederic Congiu<\/h3>\n<h6 style=\"text-align: left;\">Un ramoneur reconnu<\/h6>\n<h6>0485\/49 46 87<br \/>\ninfo@chi<span style=\"letter-spacing: 0em;\">mini.be<\/span><\/h6>\n<h6>www.chimini.be<\/h6>\n\r\n\t\t<\/div>\r\n\t<\/div>\r\n<div class=\"w-separator size_large vc_custom_1570693290705\"><\/div><\/div><\/div><\/div><div class=\"vc_col-sm-4 wpb_column vc_column_container\"><div class=\"vc_column-inner\"><div class=\"wpb_wrapper\"><div class=\"w-btn-wrapper width_auto align_center vc_custom_1615454611744\"><a class=\"w-btn us-btn-style_3\" href=\"https:\/\/chimini.be\/contact\/?lang=fr\" title=\"Contact\"><span class=\"w-btn-label\">Contact<\/span><\/a><\/div><\/div><\/div><\/div><\/div><\/div><\/section><section class=\"l-section wpb_row height_auto width_full\"><div class=\"l-section-h i-cf\"><div class=\"g-cols vc_row type_default valign_top\"><div class=\"vc_col-sm-12 wpb_column vc_column_container\"><div class=\"vc_column-inner\"><div class=\"wpb_wrapper\"><\/div><\/div><\/div><\/div><\/div><\/section>\n","protected":false},"excerpt":{"rendered":"Vous recherchez un ramoneur \u00e0 Enghien ? Ramoneur Inspection par cam\u00e9ra Enlever les nids d'oiseaux Nous contacter Quelle est notre force? Pas de frais de voyagePrix correctsToujours avec un certificatD\u00e9j\u00e0 convaincu ? Ce que disent nos clients &#8220;Frederic \u00e9tait \u00e0 l&#8217;heure. Le travail a \u00e9t\u00e9 tr\u00e8s bien fait. Merci et \u00e0 l&#8217;ann\u00e9e prochaine !&#8221; Sam...","protected":false},"author":1,"featured_media":0,"parent":0,"menu_order":0,"comment_status":"closed","ping_status":"closed","template":"","meta":{"_acf_changed":false,"footnotes":""},"class_list":["post-4364","page","type-page","status-publish","hentry"],"acf":[],"yoast_head":"<!-- This site is optimized with the Yoast SEO plugin v27.3 - https:\/\/yoast.com\/product\/yoast-seo-wordpress\/ -->\n<title>Ramoneur dans Enghien - Chimini, ramoneur agr\u00e9\u00e9<\/title>\n<meta name=\"description\" content=\"Vous recherchez un ramoneur ou une inspection par cam\u00e9ra \u00e0 Enghien ? Vous avez besoin de faire enlever un nid d&#039;oiseau ? N&#039;h\u00e9sitez pas \u00e0 nous contacter.\" \/>\n<meta name=\"robots\" content=\"index, follow, max-snippet:-1, max-image-preview:large, max-video-preview:-1\" \/>\n<link rel=\"canonical\" href=\"https:\/\/chimini.be\/fr\/enghien\/\" \/>\n<meta property=\"og:locale\" content=\"fr_FR\" \/>\n<meta property=\"og:type\" content=\"article\" \/>\n<meta property=\"og:title\" content=\"Ramoneur dans Enghien - Chimini, ramoneur agr\u00e9\u00e9\" \/>\n<meta property=\"og:description\" content=\"Vous recherchez un ramoneur ou une inspection par cam\u00e9ra \u00e0 Enghien ? Vous avez besoin de faire enlever un nid d&#039;oiseau ? N&#039;h\u00e9sitez pas \u00e0 nous contacter.\" \/>\n<meta property=\"og:url\" content=\"https:\/\/chimini.be\/fr\/enghien\/\" \/>\n<meta property=\"og:site_name\" content=\"Chimini\" \/>\n<meta property=\"article:modified_time\" content=\"2021-03-11T10:01:01+00:00\" \/>\n<meta property=\"og:image\" content=\"https:\/\/chimini.be\/wp-content\/uploads\/2019\/10\/sterren-300x60.png\" \/>\n<meta name=\"twitter:card\" content=\"summary_large_image\" \/>\n<meta name=\"twitter:label1\" content=\"Dur\u00e9e de lecture estim\u00e9e\" \/>\n\t<meta name=\"twitter:data1\" content=\"2 minutes\" \/>\n<script type=\"application\/ld+json\" class=\"yoast-schema-graph\">{\"@context\":\"https:\\\/\\\/schema.org\",\"@graph\":[{\"@type\":\"WebPage\",\"@id\":\"https:\\\/\\\/chimini.be\\\/fr\\\/enghien\\\/\",\"url\":\"https:\\\/\\\/chimini.be\\\/fr\\\/enghien\\\/\",\"name\":\"Ramoneur dans Enghien - Chimini, ramoneur agr\u00e9\u00e9\",\"isPartOf\":{\"@id\":\"https:\\\/\\\/chimini.be\\\/fr\\\/#website\"},\"primaryImageOfPage\":{\"@id\":\"https:\\\/\\\/chimini.be\\\/fr\\\/enghien\\\/#primaryimage\"},\"image\":{\"@id\":\"https:\\\/\\\/chimini.be\\\/fr\\\/enghien\\\/#primaryimage\"},\"thumbnailUrl\":\"https:\\\/\\\/chimini.be\\\/wp-content\\\/uploads\\\/2019\\\/10\\\/sterren-300x60.png\",\"datePublished\":\"2019-10-15T11:25:12+00:00\",\"dateModified\":\"2021-03-11T10:01:01+00:00\",\"description\":\"Vous recherchez un ramoneur ou une inspection par cam\u00e9ra \u00e0 Enghien ? Vous avez besoin de faire enlever un nid d'oiseau ? N'h\u00e9sitez pas \u00e0 nous contacter.\",\"breadcrumb\":{\"@id\":\"https:\\\/\\\/chimini.be\\\/fr\\\/enghien\\\/#breadcrumb\"},\"inLanguage\":\"fr-FR\",\"potentialAction\":[{\"@type\":\"ReadAction\",\"target\":[\"https:\\\/\\\/chimini.be\\\/fr\\\/enghien\\\/\"]}]},{\"@type\":\"ImageObject\",\"inLanguage\":\"fr-FR\",\"@id\":\"https:\\\/\\\/chimini.be\\\/fr\\\/enghien\\\/#primaryimage\",\"url\":\"https:\\\/\\\/chimini.be\\\/wp-content\\\/uploads\\\/2019\\\/10\\\/sterren-300x60.png\",\"contentUrl\":\"https:\\\/\\\/chimini.be\\\/wp-content\\\/uploads\\\/2019\\\/10\\\/sterren-300x60.png\"},{\"@type\":\"BreadcrumbList\",\"@id\":\"https:\\\/\\\/chimini.be\\\/fr\\\/enghien\\\/#breadcrumb\",\"itemListElement\":[{\"@type\":\"ListItem\",\"position\":1,\"name\":\"Home\",\"item\":\"https:\\\/\\\/chimini.be\\\/fr\\\/?lang=fr\"},{\"@type\":\"ListItem\",\"position\":2,\"name\":\"Enghien\"}]},{\"@type\":\"WebSite\",\"@id\":\"https:\\\/\\\/chimini.be\\\/fr\\\/#website\",\"url\":\"https:\\\/\\\/chimini.be\\\/fr\\\/\",\"name\":\"Chimini\",\"description\":\"Schoorsteen vegen in regio Aalst\",\"potentialAction\":[{\"@type\":\"SearchAction\",\"target\":{\"@type\":\"EntryPoint\",\"urlTemplate\":\"https:\\\/\\\/chimini.be\\\/fr\\\/?s={search_term_string}\"},\"query-input\":{\"@type\":\"PropertyValueSpecification\",\"valueRequired\":true,\"valueName\":\"search_term_string\"}}],\"inLanguage\":\"fr-FR\"}]}<\/script>\n<!-- \/ Yoast SEO plugin. -->","yoast_head_json":{"title":"Ramoneur dans Enghien - Chimini, ramoneur agr\u00e9\u00e9","description":"Vous recherchez un ramoneur ou une inspection par cam\u00e9ra \u00e0 Enghien ? Vous avez besoin de faire enlever un nid d'oiseau ? N'h\u00e9sitez pas \u00e0 nous contacter.","robots":{"index":"index","follow":"follow","max-snippet":"max-snippet:-1","max-image-preview":"max-image-preview:large","max-video-preview":"max-video-preview:-1"},"canonical":"https:\/\/chimini.be\/fr\/enghien\/","og_locale":"fr_FR","og_type":"article","og_title":"Ramoneur dans Enghien - Chimini, ramoneur agr\u00e9\u00e9","og_description":"Vous recherchez un ramoneur ou une inspection par cam\u00e9ra \u00e0 Enghien ? Vous avez besoin de faire enlever un nid d'oiseau ? N'h\u00e9sitez pas \u00e0 nous contacter.","og_url":"https:\/\/chimini.be\/fr\/enghien\/","og_site_name":"Chimini","article_modified_time":"2021-03-11T10:01:01+00:00","og_image":[{"url":"https:\/\/chimini.be\/wp-content\/uploads\/2019\/10\/sterren-300x60.png","type":"","width":"","height":""}],"twitter_card":"summary_large_image","twitter_misc":{"Dur\u00e9e de lecture estim\u00e9e":"2 minutes"},"schema":{"@context":"https:\/\/schema.org","@graph":[{"@type":"WebPage","@id":"https:\/\/chimini.be\/fr\/enghien\/","url":"https:\/\/chimini.be\/fr\/enghien\/","name":"Ramoneur dans Enghien - Chimini, ramoneur agr\u00e9\u00e9","isPartOf":{"@id":"https:\/\/chimini.be\/fr\/#website"},"primaryImageOfPage":{"@id":"https:\/\/chimini.be\/fr\/enghien\/#primaryimage"},"image":{"@id":"https:\/\/chimini.be\/fr\/enghien\/#primaryimage"},"thumbnailUrl":"https:\/\/chimini.be\/wp-content\/uploads\/2019\/10\/sterren-300x60.png","datePublished":"2019-10-15T11:25:12+00:00","dateModified":"2021-03-11T10:01:01+00:00","description":"Vous recherchez un ramoneur ou une inspection par cam\u00e9ra \u00e0 Enghien ? Vous avez besoin de faire enlever un nid d'oiseau ? N'h\u00e9sitez pas \u00e0 nous contacter.","breadcrumb":{"@id":"https:\/\/chimini.be\/fr\/enghien\/#breadcrumb"},"inLanguage":"fr-FR","potentialAction":[{"@type":"ReadAction","target":["https:\/\/chimini.be\/fr\/enghien\/"]}]},{"@type":"ImageObject","inLanguage":"fr-FR","@id":"https:\/\/chimini.be\/fr\/enghien\/#primaryimage","url":"https:\/\/chimini.be\/wp-content\/uploads\/2019\/10\/sterren-300x60.png","contentUrl":"https:\/\/chimini.be\/wp-content\/uploads\/2019\/10\/sterren-300x60.png"},{"@type":"BreadcrumbList","@id":"https:\/\/chimini.be\/fr\/enghien\/#breadcrumb","itemListElement":[{"@type":"ListItem","position":1,"name":"Home","item":"https:\/\/chimini.be\/fr\/?lang=fr"},{"@type":"ListItem","position":2,"name":"Enghien"}]},{"@type":"WebSite","@id":"https:\/\/chimini.be\/fr\/#website","url":"https:\/\/chimini.be\/fr\/","name":"Chimini","description":"Schoorsteen vegen in regio Aalst","potentialAction":[{"@type":"SearchAction","target":{"@type":"EntryPoint","urlTemplate":"https:\/\/chimini.be\/fr\/?s={search_term_string}"},"query-input":{"@type":"PropertyValueSpecification","valueRequired":true,"valueName":"search_term_string"}}],"inLanguage":"fr-FR"}]}},"jetpack_sharing_enabled":true,"_links":{"self":[{"href":"https:\/\/chimini.be\/fr\/wp-json\/wp\/v2\/pages\/4364","targetHints":{"allow":["GET"]}}],"collection":[{"href":"https:\/\/chimini.be\/fr\/wp-json\/wp\/v2\/pages"}],"about":[{"href":"https:\/\/chimini.be\/fr\/wp-json\/wp\/v2\/types\/page"}],"author":[{"embeddable":true,"href":"https:\/\/chimini.be\/fr\/wp-json\/wp\/v2\/users\/1"}],"replies":[{"embeddable":true,"href":"https:\/\/chimini.be\/fr\/wp-json\/wp\/v2\/comments?post=4364"}],"version-history":[{"count":3,"href":"https:\/\/chimini.be\/fr\/wp-json\/wp\/v2\/pages\/4364\/revisions"}],"predecessor-version":[{"id":4379,"href":"https:\/\/chimini.be\/fr\/wp-json\/wp\/v2\/pages\/4364\/revisions\/4379"}],"wp:attachment":[{"href":"https:\/\/chimini.be\/fr\/wp-json\/wp\/v2\/media?parent=4364"}],"curies":[{"name":"wp","href":"https:\/\/api.w.org\/{rel}","templated":true}]}}