{"id":4334,"date":"2016-08-04T13:32:08","date_gmt":"2016-08-04T13:32:08","guid":{"rendered":"https:\/\/chimini.be\/contact\/"},"modified":"2025-02-11T11:03:50","modified_gmt":"2025-02-11T11:03:50","slug":"contact","status":"publish","type":"page","link":"https:\/\/chimini.be\/fr\/contact\/","title":{"rendered":"Contact"},"content":{"rendered":"<section class=\"l-section wpb_row height_medium\"><div class=\"l-section-h i-cf\"><div class=\"g-cols vc_row type_default valign_top\"><div class=\"vc_col-sm-12 wpb_column vc_column_container animate_afb\"><div class=\"vc_column-inner\"><div class=\"wpb_wrapper\">\r\n\t<div class=\"wpb_text_column \">\r\n\t\t<div class=\"wpb_wrapper\">\r\n\t\t\t<h1>Contact<\/h1>\n\r\n\t\t<\/div>\r\n\t<\/div>\r\n<div class=\"w-separator size_large\"><\/div><div class=\"g-cols wpb_row  type_default valign_top vc_inner \"><div class=\"vc_col-sm-6 wpb_column vc_column_container\"><div class=\"vc_column-inner\"><div class=\"wpb_wrapper\"><div class=\"w-separator size_medium\"><\/div>\r\n\t<div class=\"wpb_text_column \">\r\n\t\t<div class=\"wpb_wrapper\">\r\n\t\t\t<p>1500 Halle<\/p>\n<p><a href=\"tel:0485494687\">0485\/ 4946 87<\/a><br \/>\n<a href=\"mailto:info@chimini.be\">info@chimini.be<\/a><\/p>\n<p>BTW \u2013 BE 0744 539 435<\/p>\n\r\n\t\t<\/div>\r\n\t<\/div>\r\n<\/div><\/div><\/div><div class=\"vc_col-sm-6 wpb_column vc_column_container\"><div class=\"vc_column-inner\"><div class=\"wpb_wrapper\"><div class=\"w-separator size_large\"><\/div><div class=\"w-image align_center vc_custom_1571646471486\"><div class=\"w-image-h\"><img decoding=\"async\" width=\"300\" height=\"300\" data-src=\"https:\/\/chimini.be\/wp-content\/uploads\/2019\/10\/hangende-haard-7-300x300.png\" class=\"attachment-medium size-medium lazyload\" alt=\"\" data-srcset=\"https:\/\/chimini.be\/wp-content\/uploads\/2019\/10\/hangende-haard-7-300x300.png 300w, https:\/\/chimini.be\/wp-content\/uploads\/2019\/10\/hangende-haard-7-150x150.png 150w, https:\/\/chimini.be\/wp-content\/uploads\/2019\/10\/hangende-haard-7-1024x1024.png 1024w, https:\/\/chimini.be\/wp-content\/uploads\/2019\/10\/hangende-haard-7-600x601.png 600w, https:\/\/chimini.be\/wp-content\/uploads\/2019\/10\/hangende-haard-7.png 1092w\" data-sizes=\"(max-width: 300px) 100vw, 300px\" src=\"data:image\/svg+xml;base64,PHN2ZyB3aWR0aD0iMSIgaGVpZ2h0PSIxIiB4bWxucz0iaHR0cDovL3d3dy53My5vcmcvMjAwMC9zdmciPjwvc3ZnPg==\" style=\"--smush-placeholder-width: 300px; --smush-placeholder-aspect-ratio: 300\/300;\" \/><\/div><\/div><\/div><\/div><\/div><\/div><\/div><\/div><\/div><\/div><\/div><\/section><section class=\"l-section wpb_row height_medium\"><div class=\"l-section-h i-cf\"><div class=\"g-cols vc_row type_default valign_top\"><div class=\"vc_col-sm-12 wpb_column vc_column_container\"><div class=\"vc_column-inner\"><div class=\"wpb_wrapper\">\r\n\t<div class=\"wpb_text_column \">\r\n\t\t<div class=\"wpb_wrapper\">\r\n\t\t\t<h3>Contactez-nous<\/h3>\n\r\n\t\t<\/div>\r\n\t<\/div>\r\n[vc_raw_html]JTVCZm9ybWluYXRvcl9mb3JtJTIwaWQlM0QlMjI0NzI0JTIyJTVE[\/vc_raw_html]<div class=\"w-separator size_huge\"><\/div>[vc_raw_html]PGlmcmFtZSBzcmM9Imh0dHBzOi8vd3d3Lmdvb2dsZS5jb20vbWFwcy9lbWJlZD9wYj0hMW0xNCExbTghMW0zITFkMjc2MTQ1LjA4MDgwNDYxNjk3ITJkNC4zNzQxNjE1MjcyODAwMTIhM2Q1MC44NzY1Njg0NjE3OTA0NiEzbTIhMWkxMDI0ITJpNzY4ITRmMTMuMSEzbTMhMW0yITFzMHg0N2MzYzlhYjc4M2JkZjlmJTNBMHgzODhmNWM5YTEzN2IyZWQ1ITJzQ2hpbWluaSE1ZTAhM20yITFzbmwhMnNiZSE0djE2NzY5OTQ1MTE4NDkhNW0yITFzbmwhMnNiZSIgd2lkdGg9IjE2MDAiIGhlaWdodD0iNDUwIiBzdHlsZT0iYm9yZGVyOjA7IiBhbGxvd2Z1bGxzY3JlZW49IiIgbG9hZGluZz0ibGF6eSIgcmVmZXJyZXJwb2xpY3k9Im5vLXJlZmVycmVyLXdoZW4tZG93bmdyYWRlIj48L2lmcmFtZT4=[\/vc_raw_html]\r\n\t<div class=\"wpb_text_column \">\r\n\t\t<div class=\"wpb_wrapper\">\r\n\t\t\t<p><strong>Nous sommes actifs dans les r\u00e9gions suivantes:<\/strong> groot Aalst en deelgemeenten, groot Pajottenland en Zennevallei, groot Geraardsbergen, Braine-l\u2019Alleud, Braine-le-Comte en Braine-le-Chateau.<\/p>\n<p><em><a href=\"https:\/\/chimini.be\/schoorsteenveger-aalst\/\">Aalst<\/a>, <a href=\"https:\/\/chimini.be\/anderlecht\/\">Anderlecht<\/a>, <a href=\"https:\/\/chimini.be\/asse\/\">Asse<\/a>, <a href=\"https:\/\/chimini.be\/beert\/\">Beert<\/a>, <a href=\"https:\/\/chimini.be\/beersel\/\">Beersel<\/a>, <a href=\"https:\/\/chimini.be\/bever\/\">Bever<\/a>, <a href=\"https:\/\/chimini.be\/bierge\/\">Bierge<\/a>, <a href=\"https:\/\/chimini.be\/dilbeek\/\">Dilbeek<\/a>, <a href=\"https:\/\/chimini.be\/drogenbos\/\">Drogenbos<\/a>, <a href=\"https:\/\/chimini.be\/dworp\/\">Dworp<\/a>, <a href=\"https:\/\/chimini.be\/edingen\/\">Edingen<\/a>, <a href=\"https:\/\/chimini.be\/eigenbrakel\/\">Eigenbrakel<\/a>, <a href=\"https:\/\/chimini.be\/erpe-mere\/\">Erpe-Mere<\/a>, <a href=\"https:\/\/chimini.be\/galmaarden\/\">Galmaarden<\/a>, <a href=\"https:\/\/chimini.be\/geraardsbergen\/\">Geraardsbergen<\/a>, <a href=\"https:\/\/chimini.be\/gooik\/\">Gooik<\/a>, <a href=\"https:\/\/chimini.be\/haaltert\/\">Haaltert<\/a>, <a href=\"https:\/\/chimini.be\/halle\/\">Halle<\/a>, <a href=\"https:\/\/chimini.be\/herne\/\">Herne<\/a>, <a href=\"https:\/\/chimini.be\/lennik\/\">Lennik<\/a>, <a href=\"https:\/\/chimini.be\/liedekerke\/\">Liedekerke<\/a>, <a href=\"https:\/\/chimini.be\/lot\/\">Lot<\/a>, <a href=\"https:\/\/chimini.be\/ninove\/\">Ninove<\/a>, <a href=\"https:\/\/chimini.be\/opzullik\/\">Opzullik<\/a>, <a href=\"https:\/\/chimini.be\/pepingen\/\">Pepingen<\/a>, <a href=\"https:\/\/chimini.be\/roosbeek\/\">Roosbeek<\/a>, <a href=\"https:\/\/chimini.be\/roosdaal\/\">Roosdaal<\/a>, <a href=\"https:\/\/chimini.be\/sint-genesius-rode\/\">Sint-Genesius-Rode<\/a>, <a href=\"https:\/\/chimini.be\/sint-pieters-leeuw\/\">Sint-Pieters-Leeuw,<\/a> <a href=\"https:\/\/chimini.be\/ternat\/\">Ternat<\/a>, <a href=\"https:\/\/chimini.be\/tubeke\/\">Tubeke<\/a>, <a href=\"https:\/\/chimini.be\/ukkel\/\">Ukkel<\/a>, <a href=\"https:\/\/chimini.be\/vlezenbeek\/\">Vlezenbeek<\/a>, <a href=\"https:\/\/chimini.be\/waterloo\/\">Waterloo<\/a>, <a href=\"https:\/\/chimini.be\/zinnik\/\">Zinnik<\/a>.<\/em><\/p>\n<p><strong>\u00a0<\/strong><\/p>\n\r\n\t\t<\/div>\r\n\t<\/div>\r\n<\/div><\/div><\/div><\/div><\/div><\/section><section class=\"l-section wpb_row height_medium color_alternate\"><div class=\"l-section-h i-cf\"><div class=\"g-cols vc_row type_default valign_middle\"><div class=\"vc_col-sm-3 wpb_column vc_column_container animate_afb\"><div class=\"vc_column-inner\"><div class=\"wpb_wrapper\">\r\n\t<div class=\"wpb_text_column \">\r\n\t\t<div class=\"wpb_wrapper\">\r\n\t\t\t<p>Suivez-nous sur les m\u00e9dias sociaux<\/p>\n\r\n\t\t<\/div>\r\n\t<\/div>\r\n<\/div><\/div><\/div><div class=\"vc_col-sm-3 wpb_column vc_column_container animate_afb\"><div class=\"vc_column-inner\"><div class=\"wpb_wrapper\"><\/div><\/div><\/div><div class=\"vc_col-sm-3 wpb_column vc_column_container animate_afb\"><div class=\"vc_column-inner\"><div class=\"wpb_wrapper\"><\/div><\/div><\/div><div class=\"vc_col-sm-3 wpb_column vc_column_container\"><div class=\"vc_column-inner\"><div class=\"wpb_wrapper\">\r\n\t<div class=\"wpb_text_column \">\r\n\t\t<div class=\"wpb_wrapper\">\r\n\t\t\t<h3><a href=\"https:\/\/www.facebook.com\/chimini.be\/\">Facebook<\/a><\/h3>\n\r\n\t\t<\/div>\r\n\t<\/div>\r\n<\/div><\/div><\/div><\/div><\/div><\/section>\n","protected":false},"excerpt":{"rendered":"Contact 1500 Halle 0485\/ 4946 87 info@chimini.be BTW \u2013 BE 0744 539 435 Contactez-nous [vc_raw_html]JTVCZm9ybWluYXRvcl9mb3JtJTIwaWQlM0QlMjI0NzI0JTIyJTVE[\/vc_raw_html][vc_raw_html]PGlmcmFtZSBzcmM9Imh0dHBzOi8vd3d3Lmdvb2dsZS5jb20vbWFwcy9lbWJlZD9wYj0hMW0xNCExbTghMW0zITFkMjc2MTQ1LjA4MDgwNDYxNjk3ITJkNC4zNzQxNjE1MjcyODAwMTIhM2Q1MC44NzY1Njg0NjE3OTA0NiEzbTIhMWkxMDI0ITJpNzY4ITRmMTMuMSEzbTMhMW0yITFzMHg0N2MzYzlhYjc4M2JkZjlmJTNBMHgzODhmNWM5YTEzN2IyZWQ1ITJzQ2hpbWluaSE1ZTAhM20yITFzbmwhMnNiZSE0djE2NzY5OTQ1MTE4NDkhNW0yITFzbmwhMnNiZSIgd2lkdGg9IjE2MDAiIGhlaWdodD0iNDUwIiBzdHlsZT0iYm9yZGVyOjA7IiBhbGxvd2Z1bGxzY3JlZW49IiIgbG9hZGluZz0ibGF6eSIgcmVmZXJyZXJwb2xpY3k9Im5vLXJlZmVycmVyLXdoZW4tZG93bmdyYWRlIj48L2lmcmFtZT4=[\/vc_raw_html] Nous sommes actifs dans les r\u00e9gions suivantes: groot Aalst en deelgemeenten, groot Pajottenland en Zennevallei, groot Geraardsbergen, Braine-l\u2019Alleud, Braine-le-Comte en Braine-le-Chateau. Aalst, Anderlecht, Asse, Beert, Beersel, Bever, Bierge, Dilbeek, Drogenbos, Dworp, Edingen, Eigenbrakel, Erpe-Mere, Galmaarden, Geraardsbergen, Gooik, Haaltert, Halle, Herne,...","protected":false},"author":1,"featured_media":0,"parent":0,"menu_order":0,"comment_status":"closed","ping_status":"closed","template":"","meta":{"_acf_changed":false,"footnotes":""},"class_list":["post-4334","page","type-page","status-publish","hentry"],"acf":[],"yoast_head":"<!-- This site is optimized with the Yoast SEO plugin v27.5 - https:\/\/yoast.com\/product\/yoast-seo-wordpress\/ -->\n<title>Contactez nous - Chimini, ramoneur certifi\u00e9<\/title>\n<meta name=\"description\" content=\"Vous cherchez un ramoneur ou une inspection par cam\u00e9ra ? Besoin d&#039;enlever un nid d&#039;oiseau ? N&#039;h\u00e9sitez pas \u00e0 nous contacter.\" \/>\n<meta name=\"robots\" content=\"index, follow, max-snippet:-1, max-image-preview:large, max-video-preview:-1\" \/>\n<link rel=\"canonical\" href=\"https:\/\/chimini.be\/fr\/contact\/\" \/>\n<meta property=\"og:locale\" content=\"fr_FR\" \/>\n<meta property=\"og:type\" content=\"article\" \/>\n<meta property=\"og:title\" content=\"Contactez nous - Chimini, ramoneur certifi\u00e9\" \/>\n<meta property=\"og:description\" content=\"Vous cherchez un ramoneur ou une inspection par cam\u00e9ra ? Besoin d&#039;enlever un nid d&#039;oiseau ? N&#039;h\u00e9sitez pas \u00e0 nous contacter.\" \/>\n<meta property=\"og:url\" content=\"https:\/\/chimini.be\/fr\/contact\/\" \/>\n<meta property=\"og:site_name\" content=\"Chimini\" \/>\n<meta property=\"article:modified_time\" content=\"2025-02-11T11:03:50+00:00\" \/>\n<meta name=\"twitter:card\" content=\"summary_large_image\" \/>\n<meta name=\"twitter:label1\" content=\"Dur\u00e9e de lecture estim\u00e9e\" \/>\n\t<meta name=\"twitter:data1\" content=\"1 minute\" \/>\n<script type=\"application\/ld+json\" class=\"yoast-schema-graph\">{\"@context\":\"https:\\\/\\\/schema.org\",\"@graph\":[{\"@type\":\"WebPage\",\"@id\":\"https:\\\/\\\/chimini.be\\\/fr\\\/contact\\\/\",\"url\":\"https:\\\/\\\/chimini.be\\\/fr\\\/contact\\\/\",\"name\":\"Contactez nous - Chimini, ramoneur certifi\u00e9\",\"isPartOf\":{\"@id\":\"https:\\\/\\\/chimini.be\\\/fr\\\/#website\"},\"datePublished\":\"2016-08-04T13:32:08+00:00\",\"dateModified\":\"2025-02-11T11:03:50+00:00\",\"description\":\"Vous cherchez un ramoneur ou une inspection par cam\u00e9ra ? Besoin d'enlever un nid d'oiseau ? N'h\u00e9sitez pas \u00e0 nous contacter.\",\"breadcrumb\":{\"@id\":\"https:\\\/\\\/chimini.be\\\/fr\\\/contact\\\/#breadcrumb\"},\"inLanguage\":\"fr-FR\",\"potentialAction\":[{\"@type\":\"ReadAction\",\"target\":[\"https:\\\/\\\/chimini.be\\\/fr\\\/contact\\\/\"]}]},{\"@type\":\"BreadcrumbList\",\"@id\":\"https:\\\/\\\/chimini.be\\\/fr\\\/contact\\\/#breadcrumb\",\"itemListElement\":[{\"@type\":\"ListItem\",\"position\":1,\"name\":\"Home\",\"item\":\"https:\\\/\\\/chimini.be\\\/fr\\\/?lang=fr\"},{\"@type\":\"ListItem\",\"position\":2,\"name\":\"Contact\"}]},{\"@type\":\"WebSite\",\"@id\":\"https:\\\/\\\/chimini.be\\\/fr\\\/#website\",\"url\":\"https:\\\/\\\/chimini.be\\\/fr\\\/\",\"name\":\"Chimini\",\"description\":\"Schoorsteen vegen in regio Aalst\",\"potentialAction\":[{\"@type\":\"SearchAction\",\"target\":{\"@type\":\"EntryPoint\",\"urlTemplate\":\"https:\\\/\\\/chimini.be\\\/fr\\\/?s={search_term_string}\"},\"query-input\":{\"@type\":\"PropertyValueSpecification\",\"valueRequired\":true,\"valueName\":\"search_term_string\"}}],\"inLanguage\":\"fr-FR\"}]}<\/script>\n<!-- \/ Yoast SEO plugin. -->","yoast_head_json":{"title":"Contactez nous - Chimini, ramoneur certifi\u00e9","description":"Vous cherchez un ramoneur ou une inspection par cam\u00e9ra ? Besoin d'enlever un nid d'oiseau ? N'h\u00e9sitez pas \u00e0 nous contacter.","robots":{"index":"index","follow":"follow","max-snippet":"max-snippet:-1","max-image-preview":"max-image-preview:large","max-video-preview":"max-video-preview:-1"},"canonical":"https:\/\/chimini.be\/fr\/contact\/","og_locale":"fr_FR","og_type":"article","og_title":"Contactez nous - Chimini, ramoneur certifi\u00e9","og_description":"Vous cherchez un ramoneur ou une inspection par cam\u00e9ra ? Besoin d'enlever un nid d'oiseau ? N'h\u00e9sitez pas \u00e0 nous contacter.","og_url":"https:\/\/chimini.be\/fr\/contact\/","og_site_name":"Chimini","article_modified_time":"2025-02-11T11:03:50+00:00","twitter_card":"summary_large_image","twitter_misc":{"Dur\u00e9e de lecture estim\u00e9e":"1 minute"},"schema":{"@context":"https:\/\/schema.org","@graph":[{"@type":"WebPage","@id":"https:\/\/chimini.be\/fr\/contact\/","url":"https:\/\/chimini.be\/fr\/contact\/","name":"Contactez nous - Chimini, ramoneur certifi\u00e9","isPartOf":{"@id":"https:\/\/chimini.be\/fr\/#website"},"datePublished":"2016-08-04T13:32:08+00:00","dateModified":"2025-02-11T11:03:50+00:00","description":"Vous cherchez un ramoneur ou une inspection par cam\u00e9ra ? Besoin d'enlever un nid d'oiseau ? N'h\u00e9sitez pas \u00e0 nous contacter.","breadcrumb":{"@id":"https:\/\/chimini.be\/fr\/contact\/#breadcrumb"},"inLanguage":"fr-FR","potentialAction":[{"@type":"ReadAction","target":["https:\/\/chimini.be\/fr\/contact\/"]}]},{"@type":"BreadcrumbList","@id":"https:\/\/chimini.be\/fr\/contact\/#breadcrumb","itemListElement":[{"@type":"ListItem","position":1,"name":"Home","item":"https:\/\/chimini.be\/fr\/?lang=fr"},{"@type":"ListItem","position":2,"name":"Contact"}]},{"@type":"WebSite","@id":"https:\/\/chimini.be\/fr\/#website","url":"https:\/\/chimini.be\/fr\/","name":"Chimini","description":"Schoorsteen vegen in regio Aalst","potentialAction":[{"@type":"SearchAction","target":{"@type":"EntryPoint","urlTemplate":"https:\/\/chimini.be\/fr\/?s={search_term_string}"},"query-input":{"@type":"PropertyValueSpecification","valueRequired":true,"valueName":"search_term_string"}}],"inLanguage":"fr-FR"}]}},"jetpack_sharing_enabled":true,"_links":{"self":[{"href":"https:\/\/chimini.be\/fr\/wp-json\/wp\/v2\/pages\/4334","targetHints":{"allow":["GET"]}}],"collection":[{"href":"https:\/\/chimini.be\/fr\/wp-json\/wp\/v2\/pages"}],"about":[{"href":"https:\/\/chimini.be\/fr\/wp-json\/wp\/v2\/types\/page"}],"author":[{"embeddable":true,"href":"https:\/\/chimini.be\/fr\/wp-json\/wp\/v2\/users\/1"}],"replies":[{"embeddable":true,"href":"https:\/\/chimini.be\/fr\/wp-json\/wp\/v2\/comments?post=4334"}],"version-history":[{"count":21,"href":"https:\/\/chimini.be\/fr\/wp-json\/wp\/v2\/pages\/4334\/revisions"}],"predecessor-version":[{"id":4855,"href":"https:\/\/chimini.be\/fr\/wp-json\/wp\/v2\/pages\/4334\/revisions\/4855"}],"wp:attachment":[{"href":"https:\/\/chimini.be\/fr\/wp-json\/wp\/v2\/media?parent=4334"}],"curies":[{"name":"wp","href":"https:\/\/api.w.org\/{rel}","templated":true}]}}