{"id":4330,"date":"2016-08-03T09:57:17","date_gmt":"2016-08-03T09:57:17","guid":{"rendered":"https:\/\/chimini.be\/prijzen\/"},"modified":"2025-02-11T11:10:42","modified_gmt":"2025-02-11T11:10:42","slug":"prix","status":"publish","type":"page","link":"https:\/\/chimini.be\/fr\/prix\/","title":{"rendered":"Prix"},"content":{"rendered":"<section class=\"l-section wpb_row height_medium\"><div class=\"l-section-h i-cf\"><div class=\"g-cols vc_row type_default valign_top\"><div class=\"vc_col-sm-6 wpb_column vc_column_container animate_afb\"><div class=\"vc_column-inner\"><div class=\"wpb_wrapper\">\r\n\t<div class=\"wpb_text_column \">\r\n\t\t<div class=\"wpb_wrapper\">\r\n\t\t\t<h1>Nos prix<\/h1>\n\r\n\t\t<\/div>\r\n\t<\/div>\r\n<div class=\"w-separator size_medium\"><\/div><\/div><\/div><\/div><div class=\"vc_col-sm-6 wpb_column vc_column_container\"><div class=\"vc_column-inner\"><div class=\"wpb_wrapper\"><\/div><\/div><\/div><\/div><\/div><\/section><section class=\"l-section wpb_row height_medium\" style=\"margin-bottom: -50px !important;\"><div class=\"l-section-h i-cf\"><div class=\"g-cols vc_row type_default valign_top\"><div class=\"vc_col-sm-4 wpb_column vc_column_container\"><div class=\"vc_column-inner\"><div class=\"wpb_wrapper\"><div class=\"w-iconbox iconpos_top style_outlined color_primary align_center\"><div class=\"w-iconbox-icon\" style=\"font-size:50px;\"><i class=\"fas fa-chimney\"><\/i><\/div><div class=\"w-iconbox-meta\"><h4 class=\"w-iconbox-title\">Ramonage<\/h4><div class=\"w-iconbox-text\"><h5>\u20ac80 &#8211; \u20ac110<\/h5>\n<p>en fonction de l&#8217;encrassement de la chemin\u00e9e<\/p>\n<p>hors TVA<\/p>\n<\/div><\/div><\/div><div class=\"w-btn-wrapper width_auto align_center vc_custom_1571125047383\"><a class=\"w-btn us-btn-style_3\" href=\"http:\/\/chimini.be\/contact\/\" title=\"Contact\"><span class=\"w-btn-label\">Bestel hier<\/span><\/a><\/div><\/div><\/div><\/div><div class=\"vc_col-sm-4 wpb_column vc_column_container\"><div class=\"vc_column-inner\"><div class=\"wpb_wrapper\"><div class=\"w-iconbox iconpos_top style_outlined color_primary align_center\"><div class=\"w-iconbox-icon\" style=\"font-size:50px;\"><i class=\"fas fa-camera\"><\/i><\/div><div class=\"w-iconbox-meta\"><h4 class=\"w-iconbox-title\">Inspection par cam\u00e9ra<\/h4><div class=\"w-iconbox-text\"><h5>\u20ac90 &#8211; \u20ac110<\/h5>\n<p>hors TVA<\/p>\n<\/div><\/div><\/div><div class=\"w-btn-wrapper width_auto align_center vc_custom_1571125031450\"><a class=\"w-btn us-btn-style_3\" href=\"http:\/\/chimini.be\/contact\/\" title=\"Contact\"><span class=\"w-btn-label\">Bestel hier<\/span><\/a><\/div><\/div><\/div><\/div><div class=\"vc_col-sm-4 wpb_column vc_column_container\"><div class=\"vc_column-inner\"><div class=\"wpb_wrapper\"><div class=\"w-iconbox iconpos_top style_outlined color_primary align_center icontype_img\"><div class=\"w-iconbox-icon\" style=\"font-size:50px;\"><img decoding=\"async\" width=\"534\" height=\"534\" data-src=\"https:\/\/chimini.be\/wp-content\/uploads\/2022\/09\/frezen2.png\" class=\"attachment-full size-full lazyload\" alt=\"Frezen\" data-srcset=\"https:\/\/chimini.be\/wp-content\/uploads\/2022\/09\/frezen2.png 534w, https:\/\/chimini.be\/wp-content\/uploads\/2022\/09\/frezen2-300x300.png 300w, https:\/\/chimini.be\/wp-content\/uploads\/2022\/09\/frezen2-150x150.png 150w\" data-sizes=\"(max-width: 534px) 100vw, 534px\" src=\"data:image\/svg+xml;base64,PHN2ZyB3aWR0aD0iMSIgaGVpZ2h0PSIxIiB4bWxucz0iaHR0cDovL3d3dy53My5vcmcvMjAwMC9zdmciPjwvc3ZnPg==\" style=\"--smush-placeholder-width: 534px; --smush-placeholder-aspect-ratio: 534\/534;\" \/><\/div><div class=\"w-iconbox-meta\"><h4 class=\"w-iconbox-title\">Chemin\u00e9e de l&#8217;usine<\/h4><div class=\"w-iconbox-text\"><h5>\u20ac120 &#8211; \u20ac150<\/h5>\n<p>excl. tva<\/p>\n<\/div><\/div><\/div><div class=\"w-btn-wrapper width_auto align_center vc_custom_1571125031450\"><a class=\"w-btn us-btn-style_3\" href=\"http:\/\/chimini.be\/contact\/\" title=\"Contact\"><span class=\"w-btn-label\">Bestel hier<\/span><\/a><\/div><\/div><\/div><\/div><\/div><\/div><\/section><section class=\"l-section wpb_row height_medium\"><div class=\"l-section-h i-cf\"><div class=\"g-cols vc_row type_default valign_top\"><div class=\"vc_col-sm-12 wpb_column vc_column_container\"><div class=\"vc_column-inner\"><div class=\"wpb_wrapper\"><div class=\"w-separator size_custom vc_custom_1663071004100 with_line width_default thick_1 style_solid color_border align_center\" style=\"height:10px;\"><div class=\"w-separator-h\"><\/div><\/div><\/div><\/div><\/div><\/div><\/div><\/section><section class=\"l-section wpb_row height_medium\" style=\"margin-top: -60px !important;margin-bottom: 0px !important;\"><div class=\"l-section-h i-cf\"><div class=\"g-cols vc_row type_default valign_top\"><div class=\"vc_col-sm-6 wpb_column vc_column_container\"><div class=\"vc_column-inner\"><div class=\"wpb_wrapper\"><div class=\"g-cols wpb_row  type_default valign_middle vc_inner \"><div class=\"vc_col-sm-3 wpb_column vc_column_container\"><div class=\"vc_column-inner\"><div class=\"wpb_wrapper\"><div class=\"w-separator size_custom\" style=\"height:18px;\"><\/div><div class=\"w-iconbox iconpos_top style_outlined color_primary align_center no_title no_text vc_custom_1571656747363\"><div class=\"w-iconbox-icon\" style=\"font-size:50px;\"><i class=\"fas fa-chimney\"><\/i><\/div><div class=\"w-iconbox-meta\"><\/div><\/div><\/div><\/div><\/div><div class=\"vc_col-sm-9 wpb_column vc_column_container\"><div class=\"vc_column-inner\"><div class=\"wpb_wrapper\">\r\n\t<div class=\"wpb_text_column \">\r\n\t\t<div class=\"wpb_wrapper\">\r\n\t\t\t<h3>Une chemin\u00e9e suppl\u00e9mentaire ?<\/h3>\n<p>(par logement)<\/p>\n\r\n\t\t<\/div>\r\n\t<\/div>\r\n<\/div><\/div><\/div><\/div><\/div><\/div><\/div><div class=\"vc_col-sm-6 wpb_column vc_column_container\"><div class=\"vc_column-inner\"><div class=\"wpb_wrapper\"><div class=\"g-cols wpb_row  type_default valign_top vc_inner \"><div class=\"vc_col-sm-6 wpb_column vc_column_container\"><div class=\"vc_column-inner\"><div class=\"wpb_wrapper\"><div class=\"w-separator size_small\"><\/div>\r\n\t<div class=\"wpb_text_column \">\r\n\t\t<div class=\"wpb_wrapper\">\r\n\t\t\t<h3 style=\"text-align : center ;\">2\u00e8me chemin\u00e9e<\/h3>\n<h4 style=\"text-align : center ;\">10\u20ac de r\u00e9duction sur la 2\u00e8me chemin\u00e9e<\/h4>\n\r\n\t\t<\/div>\r\n\t<\/div>\r\n<\/div><\/div><\/div><div class=\"vc_col-sm-6 wpb_column vc_column_container\"><div class=\"vc_column-inner\"><div class=\"wpb_wrapper\"><div class=\"w-separator size_small\"><\/div>\r\n\t<div class=\"wpb_text_column \">\r\n\t\t<div class=\"wpb_wrapper\">\r\n\t\t\t<h3 style=\"text-align : center ;\">de la 3eme chemin\u00e9e<\/h3>\n<h4 style=\"text-align : center ;\">20\u20ac de r\u00e9duction par chemin\u00e9e<\/h4>\n\r\n\t\t<\/div>\r\n\t<\/div>\r\n<\/div><\/div><\/div><\/div><\/div><\/div><\/div><\/div><\/div><\/section><section class=\"l-section wpb_row height_medium\"><div class=\"l-section-h i-cf\"><div class=\"g-cols vc_row type_default valign_top\"><div class=\"vc_col-sm-12 wpb_column vc_column_container\"><div class=\"vc_column-inner\"><div class=\"wpb_wrapper\"><div class=\"w-separator size_custom with_line width_default thick_1 style_solid color_border align_center\" style=\"height:10px;\"><div class=\"w-separator-h\"><\/div><\/div><\/div><\/div><\/div><\/div><\/div><\/section><section class=\"l-section wpb_row height_medium\" style=\"margin-top: -60px !important;margin-bottom: 0px !important;\"><div class=\"l-section-h i-cf\"><div class=\"g-cols vc_row type_default valign_middle\"><div class=\"vc_col-sm-6 wpb_column vc_column_container\"><div class=\"vc_column-inner\"><div class=\"wpb_wrapper\"><div class=\"g-cols wpb_row  type_default valign_middle vc_inner \"><div class=\"vc_col-sm-3 wpb_column vc_column_container\"><div class=\"vc_column-inner\"><div class=\"wpb_wrapper\"><div class=\"w-separator size_custom\" style=\"height:18px;\"><\/div><div class=\"w-iconbox iconpos_top style_outlined color_primary align_center no_title no_text\"><div class=\"w-iconbox-icon\" style=\"font-size:50px;\"><i class=\"fas fa-dove\"><\/i><\/div><div class=\"w-iconbox-meta\"><\/div><\/div><\/div><\/div><\/div><div class=\"vc_col-sm-9 wpb_column vc_column_container\"><div class=\"vc_column-inner\"><div class=\"wpb_wrapper\">\r\n\t<div class=\"wpb_text_column \">\r\n\t\t<div class=\"wpb_wrapper\">\r\n\t\t\t<h3>Enl\u00e8vement de nids d&#8217;oiseaux<\/h3>\n\r\n\t\t<\/div>\r\n\t<\/div>\r\n<\/div><\/div><\/div><\/div><\/div><\/div><\/div><div class=\"vc_col-sm-6 wpb_column vc_column_container\"><div class=\"vc_column-inner\"><div class=\"wpb_wrapper\">\r\n\t<div class=\"wpb_text_column \">\r\n\t\t<div class=\"wpb_wrapper\">\r\n\t\t\t<h3 style=\"text-align : right ;\">\u20ac75 &#8211; \u20ac110<\/h3>\n\r\n\t\t<\/div>\r\n\t<\/div>\r\n<\/div><\/div><\/div><\/div><\/div><\/section><section class=\"l-section wpb_row height_medium\"><div class=\"l-section-h i-cf\"><div class=\"g-cols vc_row type_default valign_top\"><div class=\"vc_col-sm-12 wpb_column vc_column_container\"><div class=\"vc_column-inner\"><div class=\"wpb_wrapper\"><div class=\"w-separator size_custom with_line width_default thick_1 style_solid color_border align_center\" style=\"height:10px;\"><div class=\"w-separator-h\"><\/div><\/div><\/div><\/div><\/div><\/div><\/div><\/section><section class=\"l-section wpb_row height_medium\" style=\"margin-top: -60px !important;margin-bottom: 0px !important;\"><div class=\"l-section-h i-cf\"><div class=\"g-cols vc_row type_default valign_middle\"><div class=\"vc_col-sm-6 wpb_column vc_column_container\"><div class=\"vc_column-inner\"><div class=\"wpb_wrapper\"><div class=\"g-cols wpb_row  type_default valign_middle vc_inner \"><div class=\"vc_col-sm-3 wpb_column vc_column_container\"><div class=\"vc_column-inner\"><div class=\"wpb_wrapper\"><div class=\"w-separator size_custom\" style=\"height:18px;\"><\/div><div class=\"w-iconbox iconpos_top style_outlined color_primary align_center no_title no_text icontype_img\"><div class=\"w-iconbox-icon\" style=\"font-size:50px;\"><img decoding=\"async\" width=\"534\" height=\"534\" data-src=\"https:\/\/chimini.be\/wp-content\/uploads\/2022\/09\/road-spikes-solid-1.png\" class=\"attachment-full size-full lazyload\" alt=\"\" data-srcset=\"https:\/\/chimini.be\/wp-content\/uploads\/2022\/09\/road-spikes-solid-1.png 534w, https:\/\/chimini.be\/wp-content\/uploads\/2022\/09\/road-spikes-solid-1-300x300.png 300w, https:\/\/chimini.be\/wp-content\/uploads\/2022\/09\/road-spikes-solid-1-150x150.png 150w\" data-sizes=\"(max-width: 534px) 100vw, 534px\" src=\"data:image\/svg+xml;base64,PHN2ZyB3aWR0aD0iMSIgaGVpZ2h0PSIxIiB4bWxucz0iaHR0cDovL3d3dy53My5vcmcvMjAwMC9zdmciPjwvc3ZnPg==\" style=\"--smush-placeholder-width: 534px; --smush-placeholder-aspect-ratio: 534\/534;\" \/><\/div><div class=\"w-iconbox-meta\"><\/div><\/div><\/div><\/div><\/div><div class=\"vc_col-sm-9 wpb_column vc_column_container\"><div class=\"vc_column-inner\"><div class=\"wpb_wrapper\">\r\n\t<div class=\"wpb_text_column \">\r\n\t\t<div class=\"wpb_wrapper\">\r\n\t\t\t<h3>Moniteurs d&#8217;oiseaux<\/h3>\n\r\n\t\t<\/div>\r\n\t<\/div>\r\n<\/div><\/div><\/div><\/div><\/div><\/div><\/div><div class=\"vc_col-sm-6 wpb_column vc_column_container\"><div class=\"vc_column-inner\"><div class=\"wpb_wrapper\">\r\n\t<div class=\"wpb_text_column \">\r\n\t\t<div class=\"wpb_wrapper\">\r\n\t\t\t<h3 style=\"text-align : right ;\"><a href=\"https:\/\/chimini.be\/contact\/?lang=fr\">Prix sur demande<\/a><\/h3>\n\r\n\t\t<\/div>\r\n\t<\/div>\r\n<\/div><\/div><\/div><\/div><\/div><\/section><section class=\"l-section wpb_row height_medium\"><div class=\"l-section-h i-cf\"><div class=\"g-cols vc_row type_default valign_top\"><div class=\"vc_col-sm-12 wpb_column vc_column_container\"><div class=\"vc_column-inner\"><div class=\"wpb_wrapper\"><div class=\"w-separator size_custom with_line width_default thick_1 style_solid color_border align_center\" style=\"height:10px;\"><div class=\"w-separator-h\"><\/div><\/div><\/div><\/div><\/div><\/div><\/div><\/section><section class=\"l-section wpb_row height_medium\" style=\"margin-top: -60px !important;margin-bottom: 0px !important;\"><div class=\"l-section-h i-cf\"><div class=\"g-cols vc_row type_default valign_middle\"><div class=\"vc_col-sm-6 wpb_column vc_column_container\"><div class=\"vc_column-inner\"><div class=\"wpb_wrapper\"><div class=\"g-cols wpb_row  type_default valign_top vc_inner \"><div class=\"vc_col-sm-3 wpb_column vc_column_container\"><div class=\"vc_column-inner\"><div class=\"wpb_wrapper\"><div class=\"w-separator size_custom\" style=\"height:18px;\"><\/div><div class=\"w-iconbox iconpos_top style_outlined color_primary align_center no_title no_text icontype_img\"><div class=\"w-iconbox-icon\" style=\"font-size:50px;\"><img decoding=\"async\" width=\"534\" height=\"534\" data-src=\"https:\/\/chimini.be\/wp-content\/uploads\/2022\/09\/kijkopening.png\" class=\"attachment-full size-full lazyload\" alt=\"kijkopening\" data-srcset=\"https:\/\/chimini.be\/wp-content\/uploads\/2022\/09\/kijkopening.png 534w, https:\/\/chimini.be\/wp-content\/uploads\/2022\/09\/kijkopening-300x300.png 300w, https:\/\/chimini.be\/wp-content\/uploads\/2022\/09\/kijkopening-150x150.png 150w\" data-sizes=\"(max-width: 534px) 100vw, 534px\" src=\"data:image\/svg+xml;base64,PHN2ZyB3aWR0aD0iMSIgaGVpZ2h0PSIxIiB4bWxucz0iaHR0cDovL3d3dy53My5vcmcvMjAwMC9zdmciPjwvc3ZnPg==\" style=\"--smush-placeholder-width: 534px; --smush-placeholder-aspect-ratio: 534\/534;\" \/><\/div><div class=\"w-iconbox-meta\"><\/div><\/div><\/div><\/div><\/div><div class=\"vc_col-sm-9 wpb_column vc_column_container\"><div class=\"vc_column-inner\"><div class=\"wpb_wrapper\">\r\n\t<div class=\"wpb_text_column \">\r\n\t\t<div class=\"wpb_wrapper\">\r\n\t\t\t<h3><\/h3>\n<h3>Placer les ouvertures de vue<\/h3>\n<p>.<\/p>\n\r\n\t\t<\/div>\r\n\t<\/div>\r\n<\/div><\/div><\/div><\/div><\/div><\/div><\/div><div class=\"vc_col-sm-6 wpb_column vc_column_container\"><div class=\"vc_column-inner\"><div class=\"wpb_wrapper\">\r\n\t<div class=\"wpb_text_column \">\r\n\t\t<div class=\"wpb_wrapper\">\r\n\t\t\t<h3 style=\"text-align : right ;\"><a href=\"https:\/\/chimini.be\/contact\/?lang=fr\">Prix sur demande<\/a><\/h3>\n\r\n\t\t<\/div>\r\n\t<\/div>\r\n<\/div><\/div><\/div><\/div><\/div><\/section>\n","protected":false},"excerpt":{"rendered":"Nos prix Ramonage \u20ac80 - \u20ac110 en fonction de l'encrassement de la chemin\u00e9e hors TVA Bestel hierInspection par cam\u00e9ra \u20ac90 - \u20ac110 hors TVA Bestel hierChemin\u00e9e de l&#8217;usine \u20ac120 - \u20ac150 excl. tva Bestel hier Une chemin\u00e9e suppl\u00e9mentaire ? (par logement) 2\u00e8me chemin\u00e9e 10\u20ac de r\u00e9duction sur la 2\u00e8me chemin\u00e9e de la 3eme chemin\u00e9e 20\u20ac...","protected":false},"author":1,"featured_media":0,"parent":0,"menu_order":0,"comment_status":"closed","ping_status":"closed","template":"","meta":{"_acf_changed":false,"footnotes":""},"class_list":["post-4330","page","type-page","status-publish","hentry"],"acf":[],"yoast_head":"<!-- This site is optimized with the Yoast SEO plugin v27.4 - https:\/\/yoast.com\/product\/yoast-seo-wordpress\/ -->\n<title>Prix - Chimini, ramoneur agr\u00e9\u00e9<\/title>\n<meta name=\"description\" content=\"D\u00e9couvrez ici tous nos services et nos prix. Int\u00e9ress\u00e9 ? N&#039;h\u00e9sitez pas \u00e0 nous contacter !\" \/>\n<meta name=\"robots\" content=\"index, follow, max-snippet:-1, max-image-preview:large, max-video-preview:-1\" \/>\n<link rel=\"canonical\" href=\"https:\/\/chimini.be\/fr\/prix\/\" \/>\n<meta property=\"og:locale\" content=\"fr_FR\" \/>\n<meta property=\"og:type\" content=\"article\" \/>\n<meta property=\"og:title\" content=\"Prix - Chimini, ramoneur agr\u00e9\u00e9\" \/>\n<meta property=\"og:description\" content=\"D\u00e9couvrez ici tous nos services et nos prix. Int\u00e9ress\u00e9 ? N&#039;h\u00e9sitez pas \u00e0 nous contacter !\" \/>\n<meta property=\"og:url\" content=\"https:\/\/chimini.be\/fr\/prix\/\" \/>\n<meta property=\"og:site_name\" content=\"Chimini\" \/>\n<meta property=\"article:modified_time\" content=\"2025-02-11T11:10:42+00:00\" \/>\n<meta name=\"twitter:card\" content=\"summary_large_image\" \/>\n<meta name=\"twitter:label1\" content=\"Dur\u00e9e de lecture estim\u00e9e\" \/>\n\t<meta name=\"twitter:data1\" content=\"1 minute\" \/>\n<script type=\"application\/ld+json\" class=\"yoast-schema-graph\">{\"@context\":\"https:\\\/\\\/schema.org\",\"@graph\":[{\"@type\":\"WebPage\",\"@id\":\"https:\\\/\\\/chimini.be\\\/fr\\\/prix\\\/\",\"url\":\"https:\\\/\\\/chimini.be\\\/fr\\\/prix\\\/\",\"name\":\"Prix - Chimini, ramoneur agr\u00e9\u00e9\",\"isPartOf\":{\"@id\":\"https:\\\/\\\/chimini.be\\\/fr\\\/#website\"},\"datePublished\":\"2016-08-03T09:57:17+00:00\",\"dateModified\":\"2025-02-11T11:10:42+00:00\",\"description\":\"D\u00e9couvrez ici tous nos services et nos prix. Int\u00e9ress\u00e9 ? N'h\u00e9sitez pas \u00e0 nous contacter !\",\"breadcrumb\":{\"@id\":\"https:\\\/\\\/chimini.be\\\/fr\\\/prix\\\/#breadcrumb\"},\"inLanguage\":\"fr-FR\",\"potentialAction\":[{\"@type\":\"ReadAction\",\"target\":[\"https:\\\/\\\/chimini.be\\\/fr\\\/prix\\\/\"]}]},{\"@type\":\"BreadcrumbList\",\"@id\":\"https:\\\/\\\/chimini.be\\\/fr\\\/prix\\\/#breadcrumb\",\"itemListElement\":[{\"@type\":\"ListItem\",\"position\":1,\"name\":\"Home\",\"item\":\"https:\\\/\\\/chimini.be\\\/fr\\\/?lang=fr\"},{\"@type\":\"ListItem\",\"position\":2,\"name\":\"Prix\"}]},{\"@type\":\"WebSite\",\"@id\":\"https:\\\/\\\/chimini.be\\\/fr\\\/#website\",\"url\":\"https:\\\/\\\/chimini.be\\\/fr\\\/\",\"name\":\"Chimini\",\"description\":\"Schoorsteen vegen in regio Aalst\",\"potentialAction\":[{\"@type\":\"SearchAction\",\"target\":{\"@type\":\"EntryPoint\",\"urlTemplate\":\"https:\\\/\\\/chimini.be\\\/fr\\\/?s={search_term_string}\"},\"query-input\":{\"@type\":\"PropertyValueSpecification\",\"valueRequired\":true,\"valueName\":\"search_term_string\"}}],\"inLanguage\":\"fr-FR\"}]}<\/script>\n<!-- \/ Yoast SEO plugin. -->","yoast_head_json":{"title":"Prix - Chimini, ramoneur agr\u00e9\u00e9","description":"D\u00e9couvrez ici tous nos services et nos prix. Int\u00e9ress\u00e9 ? N'h\u00e9sitez pas \u00e0 nous contacter !","robots":{"index":"index","follow":"follow","max-snippet":"max-snippet:-1","max-image-preview":"max-image-preview:large","max-video-preview":"max-video-preview:-1"},"canonical":"https:\/\/chimini.be\/fr\/prix\/","og_locale":"fr_FR","og_type":"article","og_title":"Prix - Chimini, ramoneur agr\u00e9\u00e9","og_description":"D\u00e9couvrez ici tous nos services et nos prix. Int\u00e9ress\u00e9 ? N'h\u00e9sitez pas \u00e0 nous contacter !","og_url":"https:\/\/chimini.be\/fr\/prix\/","og_site_name":"Chimini","article_modified_time":"2025-02-11T11:10:42+00:00","twitter_card":"summary_large_image","twitter_misc":{"Dur\u00e9e de lecture estim\u00e9e":"1 minute"},"schema":{"@context":"https:\/\/schema.org","@graph":[{"@type":"WebPage","@id":"https:\/\/chimini.be\/fr\/prix\/","url":"https:\/\/chimini.be\/fr\/prix\/","name":"Prix - Chimini, ramoneur agr\u00e9\u00e9","isPartOf":{"@id":"https:\/\/chimini.be\/fr\/#website"},"datePublished":"2016-08-03T09:57:17+00:00","dateModified":"2025-02-11T11:10:42+00:00","description":"D\u00e9couvrez ici tous nos services et nos prix. Int\u00e9ress\u00e9 ? N'h\u00e9sitez pas \u00e0 nous contacter !","breadcrumb":{"@id":"https:\/\/chimini.be\/fr\/prix\/#breadcrumb"},"inLanguage":"fr-FR","potentialAction":[{"@type":"ReadAction","target":["https:\/\/chimini.be\/fr\/prix\/"]}]},{"@type":"BreadcrumbList","@id":"https:\/\/chimini.be\/fr\/prix\/#breadcrumb","itemListElement":[{"@type":"ListItem","position":1,"name":"Home","item":"https:\/\/chimini.be\/fr\/?lang=fr"},{"@type":"ListItem","position":2,"name":"Prix"}]},{"@type":"WebSite","@id":"https:\/\/chimini.be\/fr\/#website","url":"https:\/\/chimini.be\/fr\/","name":"Chimini","description":"Schoorsteen vegen in regio Aalst","potentialAction":[{"@type":"SearchAction","target":{"@type":"EntryPoint","urlTemplate":"https:\/\/chimini.be\/fr\/?s={search_term_string}"},"query-input":{"@type":"PropertyValueSpecification","valueRequired":true,"valueName":"search_term_string"}}],"inLanguage":"fr-FR"}]}},"jetpack_sharing_enabled":true,"_links":{"self":[{"href":"https:\/\/chimini.be\/fr\/wp-json\/wp\/v2\/pages\/4330","targetHints":{"allow":["GET"]}}],"collection":[{"href":"https:\/\/chimini.be\/fr\/wp-json\/wp\/v2\/pages"}],"about":[{"href":"https:\/\/chimini.be\/fr\/wp-json\/wp\/v2\/types\/page"}],"author":[{"embeddable":true,"href":"https:\/\/chimini.be\/fr\/wp-json\/wp\/v2\/users\/1"}],"replies":[{"embeddable":true,"href":"https:\/\/chimini.be\/fr\/wp-json\/wp\/v2\/comments?post=4330"}],"version-history":[{"count":6,"href":"https:\/\/chimini.be\/fr\/wp-json\/wp\/v2\/pages\/4330\/revisions"}],"predecessor-version":[{"id":4857,"href":"https:\/\/chimini.be\/fr\/wp-json\/wp\/v2\/pages\/4330\/revisions\/4857"}],"wp:attachment":[{"href":"https:\/\/chimini.be\/fr\/wp-json\/wp\/v2\/media?parent=4330"}],"curies":[{"name":"wp","href":"https:\/\/api.w.org\/{rel}","templated":true}]}}